{"id":57332,"date":"2025-04-15T10:05:25","date_gmt":"2025-04-15T08:05:25","guid":{"rendered":"https:\/\/www.balliuexport.com\/producto\/parasol-garbi\/"},"modified":"2025-11-26T12:00:33","modified_gmt":"2025-11-26T11:00:33","slug":"parasol-garbi","status":"publish","type":"product","link":"https:\/\/www.balliuexport.com\/fr\/produit\/parasol-garbi\/","title":{"rendered":"Parasol Garb\u00ed"},"content":{"rendered":"<p><span style=\"color: #7a7a7a;\">Le parasol Garb\u00ed est une grande option, id\u00e9ale pour tout espace ext\u00e9rieur. Dot\u00e9 d&rsquo;une structure en aluminium et de tiges profil\u00e9es en aluminium rectangulaires, il garantit une excellente r\u00e9sistance. Son tissu textil\u00e8ne en fait une option remarquable dans sa cat\u00e9gorie. Ce mat\u00e9riau offre une<span style=\"color: #006eb7;\"><strong> grande r\u00e9sistance<\/strong><\/span> et une longue dur\u00e9e de vie. Il est dot\u00e9 d&rsquo;une <span style=\"color: #006eb7;\"><strong>soupape de d\u00e9charge d&rsquo;air int\u00e9gr\u00e9e<\/strong><\/span> pour plus de stabilit\u00e9 et sa conception ronde assure une couverture optimale. Con\u00e7u pour \u00eatre utilis\u00e9 avec une base, disponible dans notre catalogue, le Garb\u00ed est id\u00e9al pour ceux qui recherchent une solution <span style=\"color: #006eb7;\"><strong>fonctionnelle et robuste<\/strong><\/span> pour les grands espaces ext\u00e9rieurs. <\/span><\/p>\n","protected":false},"excerpt":{"rendered":"<p>Le parasol Garb\u00ed est une grande option, id\u00e9ale pour tout espace ext\u00e9rieur. Dot\u00e9 d&rsquo;une structure en aluminium et de tiges profil\u00e9es en aluminium rectangulaires, il garantit une excellente r\u00e9sistance. Son tissu textil\u00e8ne en fait une option remarquable dans sa cat\u00e9gorie. Ce mat\u00e9riau offre une grande r\u00e9sistance et une longue dur\u00e9e de vie. Il est dot\u00e9 d&rsquo;une soupape de d\u00e9charge d&rsquo;air\u2026<\/p>\n","protected":false},"featured_media":59247,"template":"","meta":{"_acf_changed":false},"product_brand":[],"product_cat":[758,3636,2258,1347],"product_tag":[],"class_list":{"0":"post-57332","1":"product","2":"type-product","3":"status-publish","4":"has-post-thumbnail","6":"product_cat-parasols","7":"product_cat-parasols-pour-jardin-et-terrasse","8":"product_cat-parasols-commerciaux-pour-restaurants","9":"product_cat-parasols-professionnels-en-aluminium","10":"pa_diametro-300-fr","12":"first","13":"instock","14":"taxable","15":"shipping-taxable","16":"purchasable","17":"product-type-variable"},"bundled_by":[],"bundle_stock_status":"instock","bundle_stock_quantity":null,"bundle_virtual":false,"bundle_layout":"","bundle_add_to_cart_form_location":"","bundle_editable_in_cart":false,"bundle_sold_individually_context":"","bundle_item_grouping":"","bundle_min_size":"","bundle_max_size":"","bundle_price":[],"bundled_items":[],"bundle_sell_ids":[],"acf":[],"_links":{"self":[{"href":"https:\/\/www.balliuexport.com\/fr\/wp-json\/wp\/v2\/product\/57332","targetHints":{"allow":["GET"]}}],"collection":[{"href":"https:\/\/www.balliuexport.com\/fr\/wp-json\/wp\/v2\/product"}],"about":[{"href":"https:\/\/www.balliuexport.com\/fr\/wp-json\/wp\/v2\/types\/product"}],"wp:featuredmedia":[{"embeddable":true,"href":"https:\/\/www.balliuexport.com\/fr\/wp-json\/wp\/v2\/media\/59247"}],"wp:attachment":[{"href":"https:\/\/www.balliuexport.com\/fr\/wp-json\/wp\/v2\/media?parent=57332"}],"wp:term":[{"taxonomy":"product_brand","embeddable":true,"href":"https:\/\/www.balliuexport.com\/fr\/wp-json\/wp\/v2\/product_brand?post=57332"},{"taxonomy":"product_cat","embeddable":true,"href":"https:\/\/www.balliuexport.com\/fr\/wp-json\/wp\/v2\/product_cat?post=57332"},{"taxonomy":"product_tag","embeddable":true,"href":"https:\/\/www.balliuexport.com\/fr\/wp-json\/wp\/v2\/product_tag?post=57332"}],"curies":[{"name":"wp","href":"https:\/\/api.w.org\/{rel}","templated":true}]}}