{"id":59794,"date":"2025-06-25T10:53:38","date_gmt":"2025-06-25T08:53:38","guid":{"rendered":"https:\/\/www.balliuexport.com\/producto\/tissu-acrylique-de-remplacement-pour-parasols-pamela-et-ocean\/"},"modified":"2026-02-06T12:40:30","modified_gmt":"2026-02-06T11:40:30","slug":"tissu-acrylique-de-remplacement-pour-parasols-pamela-et-ocean","status":"publish","type":"product","link":"https:\/\/www.balliuexport.com\/fr\/produit\/tissu-acrylique-de-remplacement-pour-parasols-pamela-et-ocean\/","title":{"rendered":"Tissu acrylique de remplacement pour parasols Pamela et Ocean"},"content":{"rendered":"<p data-start=\"237\" data-end=\"469\"><span style=\"color: #7a7a7a;\">Prolongez la dur\u00e9e de vie de votre Parasols avec ce tissu de <span style=\"color: #006eb7;\"><strong data-start=\"282\" data-end=\"313\">tissu de remplacement d&rsquo;origine<\/strong><\/span>compatible avec les mod\u00e8les suivants <a href=\"https:\/\/www.balliuexport.com\/producto\/parasol-pamela\/?v=12470fe406d4\"><span style=\"color: #006eb7;\"><strong data-start=\"342\" data-end=\"352\">Pamela<\/strong><\/span><\/a> y <a href=\"https:\/\/www.balliuexport.com\/producto\/ocean-2\/?v=12470fe406d4\"><span style=\"color: #006eb7;\"><strong data-start=\"355\" data-end=\"364\">Ocean<\/strong><\/span><\/a>. Une solution pratique et esth\u00e9tique pour ne r\u00e9nover que ce dont vous avez besoin, en conservant la structure intacte. Fabriqu\u00e9e \u00e0 partir de mat\u00e9riaux de haute qualit\u00e9, la recharge est disponible en tissu acrylique teint\u00e9 dans la masse ou en tissu technique Balliu. <a href=\"https:\/\/www.balliuexport.com\/fr\/produit\/tissu-de-remplacement-balliu-pour-parasols-pamela-et-ocean\/?v=12470fe406d4\"><span style=\"color: #006eb7;\"><strong>tissu technique Balliu <\/strong><\/span><\/a>tous deux con\u00e7us pour r\u00e9sister au soleil, \u00e0 l&rsquo;humidit\u00e9 et \u00e0 un usage ext\u00e9rieur continu. Choisissez parmi diff\u00e9rents coloris pour restaurer l&rsquo;aspect d&rsquo;origine de votre Parasols ou lui donner un nouveau look, sans compromettre ses performances.<\/span><\/p>\n<p data-start=\"859\" data-end=\"952\"><span style=\"color: #006eb7;\"><strong data-start=\"859\" data-end=\"952\">Facile \u00e0 installer, solide et durable. Une r\u00e9novation intelligente et sans souci. <\/strong><\/span><\/p>\n","protected":false},"excerpt":{"rendered":"<p>Prolongez la dur\u00e9e de vie de votre Parasols avec ce tissu de tissu de remplacement d&rsquo;originecompatible avec les mod\u00e8les suivants Pamela y Ocean. Une solution pratique et esth\u00e9tique pour ne r\u00e9nover que ce dont vous avez besoin, en conservant la structure intacte. Fabriqu\u00e9e \u00e0 partir de mat\u00e9riaux de haute qualit\u00e9, la recharge est disponible en tissu acrylique teint\u00e9 dans la\u2026<\/p>\n","protected":false},"featured_media":55276,"template":"","meta":{"_acf_changed":false},"product_brand":[],"product_cat":[830,3562],"product_tag":[],"class_list":{"0":"post-59794","1":"product","2":"type-product","3":"status-publish","4":"has-post-thumbnail","6":"product_cat-des-pieces-de-rechange","7":"product_cat-tissu-de-rechange-pour-parasol","8":"pa_diametro-200-fr","9":"pa_diametro-250-fr","11":"first","12":"instock","13":"taxable","14":"shipping-taxable","15":"purchasable","16":"product-type-variable"},"bundled_by":[],"bundle_stock_status":"instock","bundle_stock_quantity":null,"bundle_virtual":false,"bundle_layout":"","bundle_add_to_cart_form_location":"","bundle_editable_in_cart":false,"bundle_sold_individually_context":"","bundle_item_grouping":"","bundle_min_size":"","bundle_max_size":"","bundle_price":[],"bundled_items":[],"bundle_sell_ids":[],"acf":[],"_links":{"self":[{"href":"https:\/\/www.balliuexport.com\/fr\/wp-json\/wp\/v2\/product\/59794","targetHints":{"allow":["GET"]}}],"collection":[{"href":"https:\/\/www.balliuexport.com\/fr\/wp-json\/wp\/v2\/product"}],"about":[{"href":"https:\/\/www.balliuexport.com\/fr\/wp-json\/wp\/v2\/types\/product"}],"wp:featuredmedia":[{"embeddable":true,"href":"https:\/\/www.balliuexport.com\/fr\/wp-json\/wp\/v2\/media\/55276"}],"wp:attachment":[{"href":"https:\/\/www.balliuexport.com\/fr\/wp-json\/wp\/v2\/media?parent=59794"}],"wp:term":[{"taxonomy":"product_brand","embeddable":true,"href":"https:\/\/www.balliuexport.com\/fr\/wp-json\/wp\/v2\/product_brand?post=59794"},{"taxonomy":"product_cat","embeddable":true,"href":"https:\/\/www.balliuexport.com\/fr\/wp-json\/wp\/v2\/product_cat?post=59794"},{"taxonomy":"product_tag","embeddable":true,"href":"https:\/\/www.balliuexport.com\/fr\/wp-json\/wp\/v2\/product_tag?post=59794"}],"curies":[{"name":"wp","href":"https:\/\/api.w.org\/{rel}","templated":true}]}}