{"id":61454,"date":"2025-07-28T16:03:52","date_gmt":"2025-07-28T14:03:52","guid":{"rendered":"https:\/\/www.balliuexport.com\/?post_type=product&#038;p=61454"},"modified":"2026-02-06T13:30:44","modified_gmt":"2026-02-06T12:30:44","slug":"remplacement-tissu-bain-soleil-noa","status":"publish","type":"product","link":"https:\/\/www.balliuexport.com\/fr\/produit\/remplacement-tissu-bain-soleil-noa\/","title":{"rendered":"Tissu de remplacement pour bain de soleil Noa"},"content":{"rendered":"<p><strong><span style=\"color: #006eb7;\">Compatible uniquement avec les mod\u00e8les originaux de Balliu.<\/span><\/strong><\/p>\n<p><span style=\"color: #7a7a7a;\">Redonnez vie \u00e0 votre <span style=\"color: #006eb7;\"><a href=\"https:\/\/www.balliuexport.com\/fr\/produit\/bain-de-soleil-noa\/\">transat Noa<\/a><\/span> gr\u00e2ce \u00e0 ce magnifique tissu de remplacement Balliu d&rsquo;origine. Redonnez-lui le confort et le style qu&rsquo;il avait au premier jour !<\/span><\/p>\n<p><span style=\"color: #7a7a7a;\">Tissu respirant construit avec une double trame et une double cha\u00eene, de haute densit\u00e9 et aux propri\u00e9t\u00e9s techniques. Id\u00e9al pour une utilisation professionnelle en ext\u00e9rieur, il ne contient pas de mati\u00e8res toxiques ni de m\u00e9taux lourds.<\/span><\/p>\n<p><span style=\"color: #006eb7;\">Le remplacement comprend uniquement le tissu, les <a href=\"https:\/\/www.balliuexport.com\/fr\/produit\/remplacement-des-rails-bain-soleil-noa\/\"><strong>guides<\/strong><\/a> sont vendus s\u00e9par\u00e9ment.<\/span><\/p>\n<ul>\n<li><span style=\"color: #7a7a7a;\">Les tissus des <span style=\"color: #006eb7;\">chaises longues Balliu<\/span> sont sp\u00e9cialement con\u00e7us pour r\u00e9sister \u00e0 une utilisation prolong\u00e9e et pr\u00e9senter une grande r\u00e9sistance \u00e0 l&rsquo;usure. Pour conserver un aspect propre et soign\u00e9 des chaises longues, il est recommand\u00e9 d&rsquo;\u00e9liminer p\u00e9riodiquement la salet\u00e9, l&rsquo;huile solaire et tout produit solide qui pourrait s&rsquo;\u00eatre fix\u00e9 sur le tissu. Tenez compte des facteurs suivants :<\/span><\/li>\n<li><span style=\"color: #7a7a7a;\">Le nettoyage r\u00e9gulier de la chaise longue doit \u00eatre effectu\u00e9 \u00e0 l&rsquo;aide d&rsquo;un syst\u00e8me d&rsquo;eau \u00e0 haute pression.<\/span><\/li>\n<li><span style=\"color: #7a7a7a;\">En cas de pr\u00e9sence de salet\u00e9, il convient de la nettoyer d\u00e8s que possible avec une brosse douce, en pulv\u00e9risant une solution compos\u00e9e de d\u00e9tergent doux dissous dans de l&rsquo;eau sur le tissu. Rincez abondamment apr\u00e8s le nettoyage.<\/span><br \/>\n<span style=\"color: #7a7a7a;\">N&rsquo;utilisez pas d&rsquo;eau de Javel ni aucun type de solvant.<\/span><\/li>\n<\/ul>\n","protected":false},"excerpt":{"rendered":"<p><br data-mce-bogus=\"1\"><\/p>\n","protected":false},"featured_media":61399,"template":"","meta":{"_acf_changed":false},"product_brand":[],"product_cat":[830,3563],"product_tag":[],"class_list":{"0":"post-61454","1":"product","2":"type-product","3":"status-publish","4":"has-post-thumbnail","6":"product_cat-des-pieces-de-rechange","7":"product_cat-tissus-de-rechange-pour-transats","9":"first","10":"instock","11":"taxable","12":"shipping-taxable","13":"purchasable","14":"product-type-variable"},"bundled_by":[],"bundle_stock_status":"instock","bundle_stock_quantity":null,"bundle_virtual":false,"bundle_layout":"","bundle_add_to_cart_form_location":"","bundle_editable_in_cart":false,"bundle_sold_individually_context":"","bundle_item_grouping":"","bundle_min_size":"","bundle_max_size":"","bundle_price":[],"bundled_items":[],"bundle_sell_ids":[],"acf":[],"_links":{"self":[{"href":"https:\/\/www.balliuexport.com\/fr\/wp-json\/wp\/v2\/product\/61454","targetHints":{"allow":["GET"]}}],"collection":[{"href":"https:\/\/www.balliuexport.com\/fr\/wp-json\/wp\/v2\/product"}],"about":[{"href":"https:\/\/www.balliuexport.com\/fr\/wp-json\/wp\/v2\/types\/product"}],"wp:featuredmedia":[{"embeddable":true,"href":"https:\/\/www.balliuexport.com\/fr\/wp-json\/wp\/v2\/media\/61399"}],"wp:attachment":[{"href":"https:\/\/www.balliuexport.com\/fr\/wp-json\/wp\/v2\/media?parent=61454"}],"wp:term":[{"taxonomy":"product_brand","embeddable":true,"href":"https:\/\/www.balliuexport.com\/fr\/wp-json\/wp\/v2\/product_brand?post=61454"},{"taxonomy":"product_cat","embeddable":true,"href":"https:\/\/www.balliuexport.com\/fr\/wp-json\/wp\/v2\/product_cat?post=61454"},{"taxonomy":"product_tag","embeddable":true,"href":"https:\/\/www.balliuexport.com\/fr\/wp-json\/wp\/v2\/product_tag?post=61454"}],"curies":[{"name":"wp","href":"https:\/\/api.w.org\/{rel}","templated":true}]}}