{"id":61486,"date":"2025-07-28T16:59:31","date_gmt":"2025-07-28T14:59:31","guid":{"rendered":"https:\/\/www.balliuexport.com\/producto\/remplacement-des-rails-bain-soleil-noa\/"},"modified":"2025-07-29T09:35:03","modified_gmt":"2025-07-29T07:35:03","slug":"remplacement-des-rails-bain-soleil-noa","status":"publish","type":"product","link":"https:\/\/www.balliuexport.com\/fr\/produit\/remplacement-des-rails-bain-soleil-noa\/","title":{"rendered":"Guides de remplacement pour bain de soleil Noa"},"content":{"rendered":"<p data-pm-slice=\"1 1 []\">Renouvelez votre<span style=\"color: #006eb7;\"> <a href=\"https:\/\/www.balliuexport.com\/fr\/produit\/baindesoleilresin-noa\/\"><span style=\"color: #006eb7;\">chaise longue<\/span><\/a> Noa<\/span> avec le remplacement des guides pour renouveler le tissu de votre chaise longue. <span style=\"color: #006eb7;\">Le remplacement ne comprend que les guides, le <strong><a style=\"color: #006eb7;\" href=\"https:\/\/www.balliuexport.com\/fr\/produit\/recambio-tejido-tumbona-noa\/\">remplacement du tissu<\/a><\/strong> est vendu s\u00e9par\u00e9ment.<\/span><\/p>\n<p data-pm-slice=\"1 1 []\">Les guides int\u00e9gr\u00e9s du bain de soleil Noa sont sp\u00e9cialement con\u00e7us pour une pose rapide, s\u00fbre et pr\u00e9cise de la toile. Fabriqu\u00e9s \u00e0 partir de mat\u00e9riaux robustes et durables, ces guides garantissent une tension parfaite de la toile, \u00e9vitant tout glissement ind\u00e9sirable et offrant une surface uniforme et confortable. Leur conception intelligente permet un montage facile et un entretien minimal, garantissant une fonctionnalit\u00e9 maximale et une finition esth\u00e9tique impeccable. Id\u00e9als pour les espaces \u00e0 fort volume tels que les h\u00f4tels et les piscines, ces guides optimisent le confort de l&rsquo;utilisateur, prolongent la dur\u00e9e de vie de la toile et renforcent l&rsquo;\u00e9l\u00e9gance distinctive du <a href=\"https:\/\/www.balliuexport.com\/fr\/produit\/baindesoleilresin-noa\/\"><span style=\"color: #006eb7;\">bain de soleil Noa<\/span><\/a>.  <\/p>\n<p data-pm-slice=\"1 1 []\"><span style=\"color: #006eb7;\">La pi\u00e8ce de rechange comprend un jeu de 4 guides<\/span><\/p>\n","protected":false},"excerpt":{"rendered":"<p>Renouvelez votre chaise longue Noa avec le remplacement des guides pour renouveler le tissu de votre chaise longue. Le remplacement ne comprend que les guides, le remplacement du tissu est vendu s\u00e9par\u00e9ment. Les guides int\u00e9gr\u00e9s du bain de soleil Noa sont sp\u00e9cialement con\u00e7us pour une pose rapide, s\u00fbre et pr\u00e9cise de la toile. Fabriqu\u00e9s \u00e0 partir de mat\u00e9riaux robustes et\u2026<\/p>\n","protected":false},"featured_media":61479,"template":"","meta":{"_acf_changed":false},"product_brand":[],"product_cat":[830],"product_tag":[],"class_list":{"0":"post-61486","1":"product","2":"type-product","3":"status-publish","4":"has-post-thumbnail","6":"product_cat-des-pieces-de-rechange","8":"first","9":"instock","10":"taxable","11":"shipping-taxable","12":"purchasable","13":"product-type-simple"},"bundled_by":[],"bundle_stock_status":"instock","bundle_stock_quantity":null,"bundle_virtual":false,"bundle_layout":"","bundle_add_to_cart_form_location":"","bundle_editable_in_cart":false,"bundle_sold_individually_context":"","bundle_item_grouping":"","bundle_min_size":"","bundle_max_size":"","bundle_price":[],"bundled_items":[],"bundle_sell_ids":[],"acf":[],"_links":{"self":[{"href":"https:\/\/www.balliuexport.com\/fr\/wp-json\/wp\/v2\/product\/61486","targetHints":{"allow":["GET"]}}],"collection":[{"href":"https:\/\/www.balliuexport.com\/fr\/wp-json\/wp\/v2\/product"}],"about":[{"href":"https:\/\/www.balliuexport.com\/fr\/wp-json\/wp\/v2\/types\/product"}],"wp:featuredmedia":[{"embeddable":true,"href":"https:\/\/www.balliuexport.com\/fr\/wp-json\/wp\/v2\/media\/61479"}],"wp:attachment":[{"href":"https:\/\/www.balliuexport.com\/fr\/wp-json\/wp\/v2\/media?parent=61486"}],"wp:term":[{"taxonomy":"product_brand","embeddable":true,"href":"https:\/\/www.balliuexport.com\/fr\/wp-json\/wp\/v2\/product_brand?post=61486"},{"taxonomy":"product_cat","embeddable":true,"href":"https:\/\/www.balliuexport.com\/fr\/wp-json\/wp\/v2\/product_cat?post=61486"},{"taxonomy":"product_tag","embeddable":true,"href":"https:\/\/www.balliuexport.com\/fr\/wp-json\/wp\/v2\/product_tag?post=61486"}],"curies":[{"name":"wp","href":"https:\/\/api.w.org\/{rel}","templated":true}]}}