{"id":6300,"date":"2020-01-24T09:56:57","date_gmt":"2020-01-24T08:56:57","guid":{"rendered":"https:\/\/balliuexport.com\/producto\/carmen\/"},"modified":"2026-02-04T16:04:17","modified_gmt":"2026-02-04T15:04:17","slug":"bain-de-soleil-en-resine-carmen","status":"publish","type":"product","link":"https:\/\/www.balliuexport.com\/fr\/produit\/bain-de-soleil-en-resine-carmen\/","title":{"rendered":"Bain de soleil Carmen"},"content":{"rendered":"<p><iframe style=\"width: 1000px; height: 440px; overflow: hidden; border-radius: 8px;\" src=\"https:\/\/viewer.ienhance.co\/v\/app\/3e2dddb0-7c71-4d48-977b-332a084c8dcd\" frameborder=\"0\" allowfullscreen=\"allowfullscreen\"><span data-mce-type=\"bookmark\" style=\"display: inline-block; width: 0px; overflow: hidden; line-height: 0;\" class=\"mce_SELRES_start\"><\/span> <\/iframe><\/p>\n<h2><strong><span style=\"color: #006eb7;\">D\u00e9tendez-vous avec style : la chaise longue en r\u00e9sine qui s&rsquo;adapte \u00e0 vous<\/span><\/strong><\/h2>\n<p data-start=\"221\" data-end=\"544\"><span style=\"color: #7a7a7a;\">La chaise longue Carmen en r\u00e9sine de polypropyl\u00e8ne est con\u00e7ue pour vous offrir l&rsquo;\u00e9quilibre parfait entre confort, solidit\u00e9 et durabilit\u00e9. Son dossier est r\u00e9glable en <span style=\"color: #006eb7;\"><strong>cinq positions<\/strong><\/span> s&rsquo;adapte \u00e0 vos moments de d\u00e9tente, que ce soit pour lire, prendre un bain de soleil ou simplement se relaxer. Gr\u00e2ce \u00e0 son  <\/span><span style=\"color: #006eb7;\"><strong> roues int\u00e9gr\u00e9es<\/strong><\/span><span style=\"color: #7a7a7a;\">, le d\u00e9placer est un jeu d&rsquo;enfant, tandis que le syst\u00e8me de fermeture innovant par cordon garantit que le tissu maintient toujours la tension id\u00e9ale. Et si vous recherchez une touche unique, <\/span> <span style=\"color: #006eb7;\"><strong>personnalisez le tissu avec votre logo d&rsquo;entreprise<\/strong><\/span> <span style=\"color: #7a7a7a;\">pour une image impeccable dans les h\u00f4tels, les clubs ou les espaces professionnels.<\/span><\/p>\n<p data-start=\"221\" data-end=\"544\"><span style=\"color: #7a7a7a;\">Compl\u00e9tez votre espace d\u00e9tente en associant cette bain de soleil en r\u00e9sine \u00e0 nos<\/span> <a href=\"https:\/\/www.balliuexport.com\/fr\/catagorie\/tables-fr\/tables-dappoint\/\"><span style=\"color: #006eb7;\"><strong data-start=\"169\" data-end=\"189\">tables d&rsquo;appoint,<\/strong><\/span><\/a><span style=\"color: #7a7a7a;\"> le compl\u00e9ment parfait pour avoir tout \u00e0 port\u00e9e de main pendant que vous profitez du soleil.<\/span><\/p>\n<p>&nbsp;<\/p>\n","protected":false},"excerpt":{"rendered":"<p>Bain de soleil inclinable pour plages, h\u00f4tels et collectivit\u00e9s avec r\u00e9sine polypropyl\u00e8ne et structure en tissu.<\/p>\n","protected":false},"featured_media":11486,"template":"","meta":{"_acf_changed":false},"product_brand":[],"product_cat":[666,1314,1332,963,1302,1199,1328,1307,2272,2250],"product_tag":[],"class_list":{"0":"post-6300","1":"product","2":"type-product","3":"status-publish","4":"has-post-thumbnail","6":"product_cat-bains-de-soleil","7":"product_cat-bains-de-soleil-de-plage","8":"product_cat-bains-de-soleil-empilable","9":"product_cat-bains-de-soleil-en-plastique-recycle","10":"product_cat-transats-hotels","11":"product_cat-bains-de-soleil-pour-piscines-commerciales","12":"product_cat-bains-de-soleil-en-resine","13":"product_cat-bains-de-soleils-de-spa","14":"product_cat-meubles-exterieur-hotels","15":"product_cat-mobilier-de-piscine-balliu","17":"first","18":"instock","19":"taxable","20":"shipping-taxable","21":"purchasable","22":"product-type-variable"},"bundled_by":[],"bundle_stock_status":"instock","bundle_stock_quantity":null,"bundle_virtual":false,"bundle_layout":"","bundle_add_to_cart_form_location":"","bundle_editable_in_cart":false,"bundle_sold_individually_context":"","bundle_item_grouping":"","bundle_min_size":"","bundle_max_size":"","bundle_price":[],"bundled_items":[],"bundle_sell_ids":[],"acf":[],"_links":{"self":[{"href":"https:\/\/www.balliuexport.com\/fr\/wp-json\/wp\/v2\/product\/6300","targetHints":{"allow":["GET"]}}],"collection":[{"href":"https:\/\/www.balliuexport.com\/fr\/wp-json\/wp\/v2\/product"}],"about":[{"href":"https:\/\/www.balliuexport.com\/fr\/wp-json\/wp\/v2\/types\/product"}],"wp:featuredmedia":[{"embeddable":true,"href":"https:\/\/www.balliuexport.com\/fr\/wp-json\/wp\/v2\/media\/11486"}],"wp:attachment":[{"href":"https:\/\/www.balliuexport.com\/fr\/wp-json\/wp\/v2\/media?parent=6300"}],"wp:term":[{"taxonomy":"product_brand","embeddable":true,"href":"https:\/\/www.balliuexport.com\/fr\/wp-json\/wp\/v2\/product_brand?post=6300"},{"taxonomy":"product_cat","embeddable":true,"href":"https:\/\/www.balliuexport.com\/fr\/wp-json\/wp\/v2\/product_cat?post=6300"},{"taxonomy":"product_tag","embeddable":true,"href":"https:\/\/www.balliuexport.com\/fr\/wp-json\/wp\/v2\/product_tag?post=6300"}],"curies":[{"name":"wp","href":"https:\/\/api.w.org\/{rel}","templated":true}]}}