{"id":63275,"date":"2025-09-04T10:40:14","date_gmt":"2025-09-04T08:40:14","guid":{"rendered":"https:\/\/www.balliuexport.com\/producto\/base-en-beton-40kg\/"},"modified":"2025-09-04T11:45:05","modified_gmt":"2025-09-04T09:45:05","slug":"base-en-beton-40kg","status":"publish","type":"product","link":"https:\/\/www.balliuexport.com\/fr\/produit\/base-en-beton-40kg\/","title":{"rendered":"Base en b\u00e9ton 40 kg"},"content":{"rendered":"<p><span style=\"color: #7a7a7a;\">Con\u00e7u pour ceux qui recherchent \u00e0 la fois style et robustesse, ce socle rond de 40 kg offre la stabilit\u00e9 id\u00e9ale pour votre parasol. Fabriqu\u00e9 en b\u00e9ton recouvert de poly\u00e9thyl\u00e8ne, il associe solidit\u00e9 et \u00e9l\u00e9gance dans une finition faite pour durer. Son m\u00e2t en acier inoxydable de 58 mm, avec adaptateurs pour diff\u00e9rentes dimensions, assure une fixation s\u00fbre et polyvalente. Le syst\u00e8me de verrouillage garantit une s\u00e9curit\u00e9 optimale, tandis que l\u2019\u00e9vacuation int\u00e9gr\u00e9e \u00e9vite toute accumulation d\u2019eau. Discret mais pratique, il int\u00e8gre des roulettes pour un d\u00e9placement ais\u00e9. Un socle robuste et pratique qui allie <strong data-start=\"945\" data-end=\"992\"><span style=\"color: #006eb7;\">design \u00e9pur\u00e9<\/span>, <span style=\"color: #006eb7;\">durabilit\u00e9<\/span> et <span style=\"color: #006eb7;\">confort d\u2019utilisation<\/span><\/strong>.     <\/span><\/p>\n","protected":false},"excerpt":{"rendered":"<p>Con\u00e7u pour ceux qui recherchent \u00e0 la fois style et robustesse, ce socle rond de 40 kg offre la stabilit\u00e9 id\u00e9ale pour votre parasol. Fabriqu\u00e9 en b\u00e9ton recouvert de poly\u00e9thyl\u00e8ne, il associe solidit\u00e9 et \u00e9l\u00e9gance dans une finition faite pour durer. Son m\u00e2t en acier inoxydable de 58 mm, avec adaptateurs pour diff\u00e9rentes dimensions, assure une fixation s\u00fbre et polyvalente.\u2026<\/p>\n","protected":false},"featured_media":63233,"template":"","meta":{"_acf_changed":false},"product_brand":[],"product_cat":[3508],"product_tag":[],"class_list":{"0":"post-63275","1":"product","2":"type-product","3":"status-publish","4":"has-post-thumbnail","6":"product_cat-bases-fr","8":"first","9":"instock","10":"taxable","11":"shipping-taxable","12":"purchasable","13":"product-type-variable"},"bundled_by":[],"bundle_stock_status":"instock","bundle_stock_quantity":null,"bundle_virtual":false,"bundle_layout":"","bundle_add_to_cart_form_location":"","bundle_editable_in_cart":false,"bundle_sold_individually_context":"","bundle_item_grouping":"","bundle_min_size":"","bundle_max_size":"","bundle_price":[],"bundled_items":[],"bundle_sell_ids":[],"acf":[],"_links":{"self":[{"href":"https:\/\/www.balliuexport.com\/fr\/wp-json\/wp\/v2\/product\/63275","targetHints":{"allow":["GET"]}}],"collection":[{"href":"https:\/\/www.balliuexport.com\/fr\/wp-json\/wp\/v2\/product"}],"about":[{"href":"https:\/\/www.balliuexport.com\/fr\/wp-json\/wp\/v2\/types\/product"}],"wp:featuredmedia":[{"embeddable":true,"href":"https:\/\/www.balliuexport.com\/fr\/wp-json\/wp\/v2\/media\/63233"}],"wp:attachment":[{"href":"https:\/\/www.balliuexport.com\/fr\/wp-json\/wp\/v2\/media?parent=63275"}],"wp:term":[{"taxonomy":"product_brand","embeddable":true,"href":"https:\/\/www.balliuexport.com\/fr\/wp-json\/wp\/v2\/product_brand?post=63275"},{"taxonomy":"product_cat","embeddable":true,"href":"https:\/\/www.balliuexport.com\/fr\/wp-json\/wp\/v2\/product_cat?post=63275"},{"taxonomy":"product_tag","embeddable":true,"href":"https:\/\/www.balliuexport.com\/fr\/wp-json\/wp\/v2\/product_tag?post=63275"}],"curies":[{"name":"wp","href":"https:\/\/api.w.org\/{rel}","templated":true}]}}