{"id":6376,"date":"2020-01-24T09:56:20","date_gmt":"2020-01-24T08:56:20","guid":{"rendered":"https:\/\/balliuexport.com\/producto\/lola\/"},"modified":"2026-03-10T15:08:44","modified_gmt":"2026-03-10T14:08:44","slug":"chaise-longue-de-plage-lola","status":"publish","type":"product","link":"https:\/\/www.balliuexport.com\/fr\/produit\/chaise-longue-de-plage-lola\/","title":{"rendered":"Bain de soleil Lola"},"content":{"rendered":"<p><iframe style=\"width: 1000px; height: 440px; overflow: hidden; border-radius: 8px;\" src=\"https:\/\/viewer.ienhance.co\/v\/app\/5d1db2c0-033f-4b59-9db9-f372dffb70b9\" frameborder=\"0\" allowfullscreen=\"allowfullscreen\"> <\/iframe><\/p>\n<h2 class=\"ewa-rteLine\"><span style=\"color: #006eb7;\">Plus qu&rsquo;une simple chaise longue de plage : l&rsquo;alli\u00e9e parfaite du soleil et du sable<\/span><\/h2>\n<p data-start=\"150\" data-end=\"484\"><span style=\"color: #7a7a7a;\">Profitez d&rsquo;une exp\u00e9rience de d\u00e9tente sup\u00e9rieure avec notre bain de soleil de plage Lola, fabriqu\u00e9e en r\u00e9sine de polypropyl\u00e8ne durable. Son dossier inclinable \u00e0 cinq positions s&rsquo;adapte \u00e0 chaque moment de repos, tandis que le syst\u00e8me de fixation par cordon maintient le tissu ferme et en parfait \u00e9tat, m\u00eame apr\u00e8s une utilisation intensive. <\/span><\/p>\n<p data-start=\"486\" data-end=\"730\"><span style=\"color: #7a7a7a;\">Equip\u00e9e de roulettes int\u00e9gr\u00e9es pour un d\u00e9placement sans effort, cette bain de soleil allie fonctionnalit\u00e9 et design. Sa structure, en plus d&rsquo;\u00eatre 100% recyclable, int\u00e8gre des mat\u00e9riaux recycl\u00e9s, r\u00e9affirmant notre engagement envers la durabilit\u00e9. <span style=\"color: #006eb7;\"><strong>Personnalisez le tissu<\/strong><\/span> avec votre logo d&rsquo;entreprise pour renforcer l&rsquo;identit\u00e9 de votre marque. De plus, son <span style=\"color: #006eb7;\"><strong data-start=\"830\" data-end=\"853\">entretien facile<\/strong><\/span> garantit qu&rsquo;il reste impeccable avec un minimum d&rsquo;effort. Veuillez consulter notre tutoriel dans <span style=\"color: #7a7a7a;\">la<\/span> <strong data-start=\"931\" data-end=\"974\"><a href=\"https:\/\/www.balliuexport.com\/fr\/maintenance\/\"><span style=\"color: #006eb7;\">section maintenance<\/span><\/a><\/strong> pour plus d&rsquo;informations.   <\/span><\/p>\n","protected":false},"excerpt":{"rendered":"<p>&nbsp;<\/p>\n<p>&nbsp;<\/p>\n","protected":false},"featured_media":52296,"template":"","meta":{"_acf_changed":false},"product_brand":[],"product_cat":[666,1314,1332,963,1302,1199,1328,1307,2707,2711],"product_tag":[],"class_list":{"0":"post-6376","1":"product","2":"type-product","3":"status-publish","4":"has-post-thumbnail","6":"product_cat-bains-de-soleil","7":"product_cat-bains-de-soleil-de-plage","8":"product_cat-bains-de-soleil-empilable","9":"product_cat-bains-de-soleil-en-plastique-recycle","10":"product_cat-transats-hotels","11":"product_cat-bains-de-soleil-pour-piscines-commerciales","12":"product_cat-bains-de-soleil-en-resine","13":"product_cat-bains-de-soleils-de-spa","14":"product_cat-mobilier-dexterieur-pour-bateaux-de-croisiere","15":"product_cat-mobilier-pour-parcs-aquatiques","17":"first","18":"instock","19":"taxable","20":"shipping-taxable","21":"purchasable","22":"product-type-variable"},"bundled_by":[],"bundle_stock_status":"instock","bundle_stock_quantity":null,"bundle_virtual":false,"bundle_layout":"","bundle_add_to_cart_form_location":"","bundle_editable_in_cart":false,"bundle_sold_individually_context":"","bundle_item_grouping":"","bundle_min_size":"","bundle_max_size":"","bundle_price":[],"bundled_items":[],"bundle_sell_ids":[],"acf":[],"_links":{"self":[{"href":"https:\/\/www.balliuexport.com\/fr\/wp-json\/wp\/v2\/product\/6376","targetHints":{"allow":["GET"]}}],"collection":[{"href":"https:\/\/www.balliuexport.com\/fr\/wp-json\/wp\/v2\/product"}],"about":[{"href":"https:\/\/www.balliuexport.com\/fr\/wp-json\/wp\/v2\/types\/product"}],"wp:featuredmedia":[{"embeddable":true,"href":"https:\/\/www.balliuexport.com\/fr\/wp-json\/wp\/v2\/media\/52296"}],"wp:attachment":[{"href":"https:\/\/www.balliuexport.com\/fr\/wp-json\/wp\/v2\/media?parent=6376"}],"wp:term":[{"taxonomy":"product_brand","embeddable":true,"href":"https:\/\/www.balliuexport.com\/fr\/wp-json\/wp\/v2\/product_brand?post=6376"},{"taxonomy":"product_cat","embeddable":true,"href":"https:\/\/www.balliuexport.com\/fr\/wp-json\/wp\/v2\/product_cat?post=6376"},{"taxonomy":"product_tag","embeddable":true,"href":"https:\/\/www.balliuexport.com\/fr\/wp-json\/wp\/v2\/product_tag?post=6376"}],"curies":[{"name":"wp","href":"https:\/\/api.w.org\/{rel}","templated":true}]}}