{"id":6397,"date":"2020-01-24T09:54:16","date_gmt":"2020-01-24T08:54:16","guid":{"rendered":"https:\/\/balliuexport.com\/producto\/eva-pro-t-by-mario-eskenazi\/"},"modified":"2026-02-04T15:43:30","modified_gmt":"2026-02-04T14:43:30","slug":"baindesoleil-eva-pro-t-mario-eskenazi","status":"publish","type":"product","link":"https:\/\/www.balliuexport.com\/fr\/produit\/baindesoleil-eva-pro-t-mario-eskenazi\/","title":{"rendered":"Bain de soleil Eva Pro T par Mario Eskenazi"},"content":{"rendered":"<h2><strong><span style=\"color: #006eb7;\">Bain de soleil Eva Pro T : Design, confort et durabilit\u00e9 pour les espaces professionnels.<\/span><\/strong><\/h2>\n<p data-start=\"124\" data-end=\"534\"><span style=\"color: #7a7a7a;\">Le bain de soleil Eva Pro T, con\u00e7ue par le designer argentin <span style=\"color: #006eb7;\"><strong>Mario Eskenazi<\/strong><\/span>, est l&rsquo;une des meilleures chaises longues d&rsquo;ext\u00e9rieur, parfaite pour les plages, les h\u00f4tels, les piscines et les centres sportifs. Fabriqu\u00e9 en r\u00e9sine de polypropyl\u00e8ne <span style=\"color: #006eb7;\"><strong data-start=\"302\" data-end=\"345\">100% recyclable<\/strong><\/span> et avec un renfort interne en acier, il garantit une r\u00e9sistance et une durabilit\u00e9 maximales. Son dossier r\u00e9glable sur cinq positions offre un confort total, atteignant m\u00eame une position horizontale.  <\/span><\/p>\n<p data-start=\"536\" data-end=\"801\"><span style=\"color: #7a7a7a;\">Class\u00e9e mobilier durable pour son utilisation de mat\u00e9riaux recycl\u00e9s, le bain de soleil Eva Pro T b\u00e9n\u00e9ficie d&rsquo;une garantie professionnelle. De plus, vous pouvez facilement le combiner avec nos <span style=\"color: #006eb7;\"><a style=\"color: #006eb7;\" href=\"https:\/\/www.balliuexport.com\/fr\/catagorie\/tables-fr\/tables-dappoint\/\"><strong>tables d&rsquo;appoint<\/strong><\/a><\/span> pour cr\u00e9er un ensemble harmonieux et fonctionnel dans votre espace ext\u00e9rieur. <\/span><\/p>\n<p>&nbsp;<\/p>\n","protected":false},"excerpt":{"rendered":"<p>Mario Eskenazi, graphiste d&rsquo;origine argentine, con\u00e7oit pour Balliu la nouvelle latte de la chaise longue Eva Pro T. Son style se caract\u00e9rise par la simplicit\u00e9 et l&rsquo;accent mis sur le concept. \u00c9liminez le superflu et montrez la v\u00e9ritable essence des choses. <strong>Chaise longue de plage<\/strong>, h\u00f4tels et centres sportifs, en r\u00e9sine polypropyl\u00e8ne 100% recyclable.<\/p>\n","protected":false},"featured_media":45673,"template":"","meta":{"_acf_changed":false},"product_brand":[],"product_cat":[666,1314,1332,963,1302,1199,1328],"product_tag":[],"class_list":{"0":"post-6397","1":"product","2":"type-product","3":"status-publish","4":"has-post-thumbnail","6":"product_cat-bains-de-soleil","7":"product_cat-bains-de-soleil-de-plage","8":"product_cat-bains-de-soleil-empilable","9":"product_cat-bains-de-soleil-en-plastique-recycle","10":"product_cat-transats-hotels","11":"product_cat-bains-de-soleil-pour-piscines-commerciales","12":"product_cat-bains-de-soleil-en-resine","14":"first","15":"instock","16":"taxable","17":"shipping-taxable","18":"purchasable","19":"product-type-variable"},"bundled_by":[],"bundle_stock_status":"instock","bundle_stock_quantity":null,"bundle_virtual":false,"bundle_layout":"","bundle_add_to_cart_form_location":"","bundle_editable_in_cart":false,"bundle_sold_individually_context":"","bundle_item_grouping":"","bundle_min_size":"","bundle_max_size":"","bundle_price":[],"bundled_items":[],"bundle_sell_ids":[],"acf":[],"_links":{"self":[{"href":"https:\/\/www.balliuexport.com\/fr\/wp-json\/wp\/v2\/product\/6397","targetHints":{"allow":["GET"]}}],"collection":[{"href":"https:\/\/www.balliuexport.com\/fr\/wp-json\/wp\/v2\/product"}],"about":[{"href":"https:\/\/www.balliuexport.com\/fr\/wp-json\/wp\/v2\/types\/product"}],"wp:featuredmedia":[{"embeddable":true,"href":"https:\/\/www.balliuexport.com\/fr\/wp-json\/wp\/v2\/media\/45673"}],"wp:attachment":[{"href":"https:\/\/www.balliuexport.com\/fr\/wp-json\/wp\/v2\/media?parent=6397"}],"wp:term":[{"taxonomy":"product_brand","embeddable":true,"href":"https:\/\/www.balliuexport.com\/fr\/wp-json\/wp\/v2\/product_brand?post=6397"},{"taxonomy":"product_cat","embeddable":true,"href":"https:\/\/www.balliuexport.com\/fr\/wp-json\/wp\/v2\/product_cat?post=6397"},{"taxonomy":"product_tag","embeddable":true,"href":"https:\/\/www.balliuexport.com\/fr\/wp-json\/wp\/v2\/product_tag?post=6397"}],"curies":[{"name":"wp","href":"https:\/\/api.w.org\/{rel}","templated":true}]}}