{"id":6525,"date":"2023-07-17T16:11:40","date_gmt":"2023-07-17T14:11:40","guid":{"rendered":"https:\/\/balliuexport.com\/producto\/etna\/"},"modified":"2025-12-01T14:45:38","modified_gmt":"2025-12-01T13:45:38","slug":"table-appoint-en-aluminium-etna","status":"publish","type":"product","link":"https:\/\/www.balliuexport.com\/fr\/produit\/table-appoint-en-aluminium-etna\/","title":{"rendered":"Table d&rsquo;appoint Etna"},"content":{"rendered":"<p><span style=\"color: #7a7a7a;\">La table d&rsquo;appoint a \u00e9t\u00e9 m\u00e9ticuleusement fabriqu\u00e9e \u00e0 partir d&rsquo;un profil\u00e9 en aluminium robuste et d&rsquo;un plateau en stratifi\u00e9 haute pression (HPL), des mat\u00e9riaux qui garantissent une durabilit\u00e9 exceptionnelle et une esth\u00e9tique contemporaine. Cette conception assure non seulement une robustesse exceptionnelle contre les \u00e9l\u00e9ments, mais garantit \u00e9galement que la table conserve son aspect \u00e9l\u00e9gant au fil du temps, en r\u00e9sistant \u00e0 la corrosion, aux rayons UV et aux variations climatiques. Sp\u00e9cialement con\u00e7ue pour compl\u00e9ter la <a href=\"https:\/\/www.balliuexport.com\/fr\/produit\/bain-de-soleil-en-aluminium-etna\/\"><strong><span style=\"color: #006eb7;\">chaise longue Etna<\/span><\/strong><\/a>, cette table d&rsquo;appoint am\u00e9liore non seulement la fonctionnalit\u00e9 de l&rsquo;espace ext\u00e9rieur, mais ajoute \u00e9galement une touche de sophistication et de modernit\u00e9. Son design minimaliste et \u00e9l\u00e9gant s&rsquo;int\u00e8gre parfaitement dans n&rsquo;importe quel environnement, qu&rsquo;il s&rsquo;agisse d&rsquo;un jardin, d&rsquo;une terrasse ou de la piscine, offrant un espace suppl\u00e9mentaire.<\/span><\/p>\n<p><span style=\"color: #7a7a7a;\">En outre, la table d&rsquo;appoint est l\u00e9g\u00e8re et facile \u00e0 d\u00e9placer, ce qui permet de reconfigurer rapidement et facilement le mobilier en fonction des besoins et des pr\u00e9f\u00e9rences du moment. Des mat\u00e9riaux de <span style=\"color: #006eb7;\"><strong>haute qualit\u00e9<\/strong><\/span> et une construction soign\u00e9e garantissent que cette table n&rsquo;est pas seulement un <span style=\"color: #006eb7;\"><strong>accessoire pratique<\/strong><\/span>, mais aussi un <span style=\"color: #006eb7;\"><strong>investissement durable<\/strong><\/span> dans la d\u00e9coration ext\u00e9rieure.<\/span><\/p>\n<div class=\"mbot2\"><\/div>\n<div><\/div>\n<div><\/div>\n<div><\/div>\n<div><\/div>\n","protected":false},"excerpt":{"rendered":"<p><strong><span style=\"color: #006eb7;\">Prix sans TVA inclus<\/span><\/strong><\/p>\n<p>C&rsquo;est le choix id\u00e9al pour compl\u00e9ter la chaise longue Etna et enrichir tout environnement ext\u00e9rieur de sa pr\u00e9sence moderne et \u00e9l\u00e9gante.<\/p>\n","protected":false},"featured_media":8531,"template":"","meta":{"_acf_changed":false},"product_brand":[],"product_cat":[2262,3077],"product_tag":[],"class_list":{"0":"post-6525","1":"product","2":"type-product","3":"status-publish","4":"has-post-thumbnail","6":"product_cat-mobilier-de-patio-moderne","7":"product_cat-tables-dappoint","9":"first","10":"instock","11":"taxable","12":"shipping-taxable","13":"purchasable","14":"product-type-variable"},"bundled_by":["70248"],"bundle_stock_status":"instock","bundle_stock_quantity":100,"bundle_virtual":false,"bundle_layout":"","bundle_add_to_cart_form_location":"","bundle_editable_in_cart":false,"bundle_sold_individually_context":"","bundle_item_grouping":"","bundle_min_size":"","bundle_max_size":"","bundle_price":[],"bundled_items":[],"bundle_sell_ids":[],"acf":[],"_links":{"self":[{"href":"https:\/\/www.balliuexport.com\/fr\/wp-json\/wp\/v2\/product\/6525","targetHints":{"allow":["GET"]}}],"collection":[{"href":"https:\/\/www.balliuexport.com\/fr\/wp-json\/wp\/v2\/product"}],"about":[{"href":"https:\/\/www.balliuexport.com\/fr\/wp-json\/wp\/v2\/types\/product"}],"wp:featuredmedia":[{"embeddable":true,"href":"https:\/\/www.balliuexport.com\/fr\/wp-json\/wp\/v2\/media\/8531"}],"wp:attachment":[{"href":"https:\/\/www.balliuexport.com\/fr\/wp-json\/wp\/v2\/media?parent=6525"}],"wp:term":[{"taxonomy":"product_brand","embeddable":true,"href":"https:\/\/www.balliuexport.com\/fr\/wp-json\/wp\/v2\/product_brand?post=6525"},{"taxonomy":"product_cat","embeddable":true,"href":"https:\/\/www.balliuexport.com\/fr\/wp-json\/wp\/v2\/product_cat?post=6525"},{"taxonomy":"product_tag","embeddable":true,"href":"https:\/\/www.balliuexport.com\/fr\/wp-json\/wp\/v2\/product_tag?post=6525"}],"curies":[{"name":"wp","href":"https:\/\/api.w.org\/{rel}","templated":true}]}}