{"id":6604,"date":"2021-09-15T08:16:07","date_gmt":"2021-09-15T06:16:07","guid":{"rendered":"https:\/\/balliuexport.com\/?post_type=product&#038;p=6604"},"modified":"2026-02-05T10:46:26","modified_gmt":"2026-02-05T09:46:26","slug":"bain-de-soleil-en-aluminium-etna","status":"publish","type":"product","link":"https:\/\/www.balliuexport.com\/fr\/produit\/bain-de-soleil-en-aluminium-etna\/","title":{"rendered":"Bain de soleil Etna"},"content":{"rendered":"<p><iframe style=\"width: 1000px; height: 440px; overflow: hidden; border-radius: 8px;\" src=\"https:\/\/viewer.ienhance.co\/v\/app\/e6e9f2e9-2ed4-4a99-8125-87206f612e0e\" frameborder=\"0\" allowfullscreen=\"allowfullscreen\"><span data-mce-type=\"bookmark\" style=\"display: inline-block; width: 0px; overflow: hidden; line-height: 0;\" class=\"mce_SELRES_start\"><\/span> <\/iframe><\/p>\n<h2><strong><span style=\"color: #006eb7;\">Bain de soleil en aluminium Etna : un design inspirant, une durabilit\u00e9 \u00e0 toute \u00e9preuve<\/span><\/strong><\/h2>\n<p class=\"\" data-start=\"358\" data-end=\"551\"><span style=\"color: #7a7a7a;\">Con\u00e7ue pour les environnements exigeants et construite pour impressionner, la chaise longue Etna est le compagnon id\u00e9al pour les h\u00f4tels, les complexes h\u00f4teliers et les espaces exclusifs qui cherchent \u00e0 combiner style, confort et durabilit\u00e9. Sa structure de <\/span> <span style=\"color: #006eb7;\"><strong>aluminium tremp\u00e9<\/strong><\/span><span style=\"color: #7a7a7a;\">, avec nervures internes et<\/span> <span style=\"color: #006eb7;\"><strong>quincaillerie en acier inoxydable<\/strong><\/span><span style=\"color: #7a7a7a;\">, garantit une r\u00e9sistance incomparable m\u00eame en cas d&rsquo;utilisation intensive. Le dossier inclinable en <\/span> <span style=\"color: #006eb7;\"><strong>cinq positions <\/strong><\/span><span style=\"color: #7a7a7a;\">offrent une exp\u00e9rience de repos sup\u00e9rieure, tandis que le<\/span><span style=\"color: #006eb7;\"><strong> tissu coulissant rempla\u00e7able<\/strong><\/span> <span style=\"color: #7a7a7a;\">permet un entretien rapide et efficace, id\u00e9al pour les op\u00e9rations h\u00f4teli\u00e8res dynamiques.<\/span><\/p>\n<p class=\"\" data-start=\"944\" data-end=\"1161\"><span style=\"color: #7a7a7a;\">Avec un design minimaliste et intemporel, Etna apporte une touche d&rsquo;\u00e9l\u00e9gance discr\u00e8te \u00e0 tout espace ext\u00e9rieur. De plus, il peut \u00eatre \u00e9quip\u00e9 de roues grises pour une mobilit\u00e9 ais\u00e9e sans sacrifier l&rsquo;esth\u00e9tique. Durable, fonctionnel et avec une apparence impeccable : Etna est con\u00e7u pour ceux qui ne se contentent pas de l&rsquo;essentiel et cherchent \u00e0 offrir une exp\u00e9rience de premi\u00e8re classe.  <\/span><\/p>\n<p data-start=\"448\" data-end=\"628\" data-is-last-node=\"\" data-is-only-node=\"\"><span style=\"color: #7a7a7a;\">De plus, le tissu est personnalisable avec votre<\/span><span style=\"color: #006eb7;\"><strong data-start=\"487\" data-end=\"507\"> logo d&rsquo;entreprise.<\/strong><\/span><span style=\"color: #7a7a7a;\">, id\u00e9al pour cr\u00e9er une image de marque. De plus, il est disponible en <\/span> <a href=\"https:\/\/www.balliuexport.com\/fr\/produit\/bain-de-soleil-en-aluminium-etna-haut\/\"><span style=\"color: #006eb7;\"><strong data-start=\"574\" data-end=\"590\">version haute<\/strong><\/span><\/a><span style=\"color: #7a7a7a;\">, s&rsquo;adaptant aux diff\u00e9rents besoins.<\/span><\/p>\n","protected":false},"excerpt":{"rendered":"<p>Chaise longue empilable pour h\u00f4tels, spas et installations sportives, empilable, en aluminium et tissu.<\/p>\n","protected":false},"featured_media":9165,"template":"","meta":{"_acf_changed":false},"product_brand":[],"product_cat":[666,2222,1332,1343,1302,1199,1307,2707,2575],"product_tag":[],"class_list":{"0":"post-6604","1":"product","2":"type-product","3":"status-publish","4":"has-post-thumbnail","6":"product_cat-bains-de-soleil","7":"product_cat-bains-de-soleil-haut-de-gamme","8":"product_cat-bains-de-soleil-empilable","9":"product_cat-bains-de-soleil-en-aluminium","10":"product_cat-transats-hotels","11":"product_cat-bains-de-soleil-pour-piscines-commerciales","12":"product_cat-bains-de-soleils-de-spa","13":"product_cat-mobilier-dexterieur-pour-bateaux-de-croisiere","14":"product_cat-nos-points-forts","16":"first","17":"instock","18":"taxable","19":"shipping-taxable","20":"purchasable","21":"product-type-variable"},"bundled_by":["70248"],"bundle_stock_status":"instock","bundle_stock_quantity":null,"bundle_virtual":false,"bundle_layout":"","bundle_add_to_cart_form_location":"","bundle_editable_in_cart":false,"bundle_sold_individually_context":"","bundle_item_grouping":"","bundle_min_size":"","bundle_max_size":"","bundle_price":[],"bundled_items":[],"bundle_sell_ids":[],"acf":[],"_links":{"self":[{"href":"https:\/\/www.balliuexport.com\/fr\/wp-json\/wp\/v2\/product\/6604","targetHints":{"allow":["GET"]}}],"collection":[{"href":"https:\/\/www.balliuexport.com\/fr\/wp-json\/wp\/v2\/product"}],"about":[{"href":"https:\/\/www.balliuexport.com\/fr\/wp-json\/wp\/v2\/types\/product"}],"wp:featuredmedia":[{"embeddable":true,"href":"https:\/\/www.balliuexport.com\/fr\/wp-json\/wp\/v2\/media\/9165"}],"wp:attachment":[{"href":"https:\/\/www.balliuexport.com\/fr\/wp-json\/wp\/v2\/media?parent=6604"}],"wp:term":[{"taxonomy":"product_brand","embeddable":true,"href":"https:\/\/www.balliuexport.com\/fr\/wp-json\/wp\/v2\/product_brand?post=6604"},{"taxonomy":"product_cat","embeddable":true,"href":"https:\/\/www.balliuexport.com\/fr\/wp-json\/wp\/v2\/product_cat?post=6604"},{"taxonomy":"product_tag","embeddable":true,"href":"https:\/\/www.balliuexport.com\/fr\/wp-json\/wp\/v2\/product_tag?post=6604"}],"curies":[{"name":"wp","href":"https:\/\/api.w.org\/{rel}","templated":true}]}}