{"id":6618,"date":"2023-07-17T10:54:12","date_gmt":"2023-07-17T08:54:12","guid":{"rendered":"https:\/\/balliuexport.com\/producto\/etna-5\/"},"modified":"2025-11-26T10:47:55","modified_gmt":"2025-11-26T09:47:55","slug":"sofa-etna","status":"publish","type":"product","link":"https:\/\/www.balliuexport.com\/fr\/produit\/sofa-etna\/","title":{"rendered":"Canap\u00e9 Etna"},"content":{"rendered":"<p><iframe style=\"width: 1100px; height: 480px; overflow: hidden; border-radius: 8px;\" src=\"https:\/\/viewer.ienhance.co\/v\/app\/dfde577c-1d21-46ce-afaf-9dae1815a516\" frameborder=\"0\" allowfullscreen=\"allowfullscreen\"><span data-mce-type=\"bookmark\" style=\"display: inline-block; width: 0px; overflow: hidden; line-height: 0;\" class=\"mce_SELRES_start\"><\/span><span data-mce-type=\"bookmark\" style=\"display: inline-block; width: 0px; overflow: hidden; line-height: 0;\" class=\"mce_SELRES_start\"><\/span> <\/iframe><\/p>\n<p style=\"text-align: left;\" data-start=\"245\" data-end=\"630\"><span style=\"color: #7a7a7a;\">La collection Etna, disponible en versions simple, double et triple, a \u00e9t\u00e9 con\u00e7ue pour sublimer l&rsquo;esth\u00e9tique et la fonctionnalit\u00e9 des terrasses et des jardins. Sa structure en aluminium renforc\u00e9 offre un parfait \u00e9quilibre entre l\u00e9g\u00e8ret\u00e9, stabilit\u00e9 et robustesse, garantissant des performances irr\u00e9prochables m\u00eame dans les conditions ext\u00e9rieures les plus exigeantes. <\/span><\/p>\n<p style=\"text-align: left;\" data-start=\"632\" data-end=\"865\"><span style=\"color: #7a7a7a;\">Le <span style=\"color: #006eb7;\">tissu acrylique teint dans la masse<\/span> lui conf\u00e8re un aspect moderne et \u00e9l\u00e9gant, tout en garantissant une r\u00e9sistance sup\u00e9rieure \u00e0 la d\u00e9coloration et \u00e0 l&rsquo;humidit\u00e9, pr\u00e9servant ainsi sa couleur et sa texture au fil du temps. Chaque mod\u00e8le int\u00e8gre un <span style=\"color: #006eb7;\">int\u00e9rieur \u00e0 s\u00e9chage rapide<\/span>, con\u00e7u pour \u00e9vacuer efficacement l&rsquo;humidit\u00e9 apr\u00e8s la pluie ou le nettoyage. Cette innovation emp\u00eache l&rsquo;accumulation d&rsquo;eau, am\u00e9liore le confort et prolonge la dur\u00e9e de vie du produit, faisant des canap\u00e9s Etna un choix id\u00e9al pour les piscines, les terrasses ou les espaces fortement expos\u00e9s aux intemp\u00e9ries. <\/span><\/p>\n<p style=\"text-align: left;\" data-start=\"1225\" data-end=\"1442\"><span style=\"color: #7a7a7a;\">De mantenimiento m\u00ednimo y f\u00e1cil limpieza, los sof\u00e1s Etna ofrecen una experiencia sin complicaciones, uniendo la <span style=\"color: #006eb7;\">sofisticaci\u00f3n, durabilidad y bienestar<\/span> en un mismo dise\u00f1o pensado para disfrutar a\u00f1o tras a\u00f1o.<\/span><\/p>\n<p>&nbsp;<\/p>\n","protected":false},"excerpt":{"rendered":"<p><span style=\"color: #006eb7;\"><strong>Prix sans TVA inclus<\/strong><\/span>. Avec sa construction de haute qualit\u00e9 et son design con\u00e7u pour le confort et la durabilit\u00e9, ce canap\u00e9 est l&rsquo;option id\u00e9ale pour ceux qui cherchent \u00e0 agr\u00e9menter leurs terrasses et jardins d&rsquo;un mobilier \u00e9l\u00e9gant et pratique.<\/p>\n","protected":false},"featured_media":67474,"template":"","meta":{"_acf_changed":false},"product_brand":[],"product_cat":[1053,2272,2707,2250,2262],"product_tag":[],"class_list":{"0":"post-6618","1":"product","2":"type-product","3":"status-publish","4":"has-post-thumbnail","6":"product_cat-canapes-pour-exterieur","7":"product_cat-meubles-exterieur-hotels","8":"product_cat-mobilier-dexterieur-pour-bateaux-de-croisiere","9":"product_cat-mobilier-de-piscine-balliu","10":"product_cat-mobilier-de-patio-moderne","12":"first","13":"instock","14":"taxable","15":"shipping-taxable","16":"purchasable","17":"product-type-variable"},"bundled_by":["42220","42271","42271","42220"],"bundle_stock_status":"instock","bundle_stock_quantity":null,"bundle_virtual":false,"bundle_layout":"","bundle_add_to_cart_form_location":"","bundle_editable_in_cart":false,"bundle_sold_individually_context":"","bundle_item_grouping":"","bundle_min_size":"","bundle_max_size":"","bundle_price":[],"bundled_items":[],"bundle_sell_ids":[],"acf":[],"_links":{"self":[{"href":"https:\/\/www.balliuexport.com\/fr\/wp-json\/wp\/v2\/product\/6618","targetHints":{"allow":["GET"]}}],"collection":[{"href":"https:\/\/www.balliuexport.com\/fr\/wp-json\/wp\/v2\/product"}],"about":[{"href":"https:\/\/www.balliuexport.com\/fr\/wp-json\/wp\/v2\/types\/product"}],"wp:featuredmedia":[{"embeddable":true,"href":"https:\/\/www.balliuexport.com\/fr\/wp-json\/wp\/v2\/media\/67474"}],"wp:attachment":[{"href":"https:\/\/www.balliuexport.com\/fr\/wp-json\/wp\/v2\/media?parent=6618"}],"wp:term":[{"taxonomy":"product_brand","embeddable":true,"href":"https:\/\/www.balliuexport.com\/fr\/wp-json\/wp\/v2\/product_brand?post=6618"},{"taxonomy":"product_cat","embeddable":true,"href":"https:\/\/www.balliuexport.com\/fr\/wp-json\/wp\/v2\/product_cat?post=6618"},{"taxonomy":"product_tag","embeddable":true,"href":"https:\/\/www.balliuexport.com\/fr\/wp-json\/wp\/v2\/product_tag?post=6618"}],"curies":[{"name":"wp","href":"https:\/\/api.w.org\/{rel}","templated":true}]}}