{"id":6640,"date":"2023-05-22T15:16:42","date_gmt":"2023-05-22T13:16:42","guid":{"rendered":"https:\/\/balliuexport.com\/producto\/brunei-4\/"},"modified":"2025-12-01T13:13:08","modified_gmt":"2025-12-01T12:13:08","slug":"table-en-aluminium-brunei","status":"publish","type":"product","link":"https:\/\/www.balliuexport.com\/fr\/produit\/table-en-aluminium-brunei\/","title":{"rendered":"Table Brunei"},"content":{"rendered":"<p><iframe style=\"width: 1000px; height: 440px; overflow: hidden; border-radius: 8px;\" src=\"https:\/\/viewer.ienhance.co\/v\/app\/c6677a0f-a093-41c8-b25f-061ae3e7410d\" frameborder=\"0\" allowfullscreen=\"allowfullscreen\"><span data-mce-type=\"bookmark\" style=\"display: inline-block; width: 0px; overflow: hidden; line-height: 0;\" class=\"mce_SELRES_start\"><\/span><span data-mce-type=\"bookmark\" style=\"display: inline-block; width: 0px; overflow: hidden; line-height: 0;\" class=\"mce_SELRES_start\"><\/span> <\/iframe><\/p>\n<h2 data-start=\"241\" data-end=\"508\"><span style=\"color: #006eb7;\"><strong data-start=\"917\" data-end=\"996\">Brunei est plus qu\u2019une table : c\u2019est une solution structurelle con\u00e7ue pour durer.<\/strong><\/span><\/h2>\n<p class=\"\" data-start=\"241\" data-end=\"508\"><span style=\"color: #7a7a7a;\">La table Brunei a \u00e9t\u00e9 con\u00e7ue pour offrir stabilit\u00e9, r\u00e9sistance et \u00e9l\u00e9gance dans une seule structure. Son cadre en aluminium tremp\u00e9, renforc\u00e9 par des ferrures en acier inoxydable, garantit des performances ext\u00e9rieures \u00e9lev\u00e9es, m\u00eame dans des conditions exigeantes. L&rsquo;\u00e9paisseur de 2 mm du profil lui conf\u00e8re une pr\u00e9sence robuste, sans perdre la propret\u00e9 visuelle de ses lignes. Son plateau en HPL hautement r\u00e9sistant aux intemp\u00e9ries est disponible en diff\u00e9rentes dimensions, lui permettant de s&rsquo;int\u00e9grer dans une grande vari\u00e9t\u00e9 d&rsquo;espaces professionnels. Pour un ajustement parfait, il comprend des but\u00e9es de jambes r\u00e9glables, assurant la stabilit\u00e9 m\u00eame sur des surfaces in\u00e9gales.    <\/span><\/p>\n","protected":false},"excerpt":{"rendered":"<p>Table pour terrasses et restaurants en tube d&rsquo;aluminium et panneau HPL ou HPL GD<\/p>\n<p>&nbsp;<\/p>\n","protected":false},"featured_media":8972,"template":"","meta":{"_acf_changed":false},"product_brand":[],"product_cat":[2272,766,2230],"product_tag":[],"class_list":{"0":"post-6640","1":"product","2":"type-product","3":"status-publish","4":"has-post-thumbnail","6":"product_cat-meubles-exterieur-hotels","7":"product_cat-tables-pour-exterieur","8":"product_cat-tables-a-manger-dexterieur","10":"first","11":"instock","12":"taxable","13":"shipping-taxable","14":"purchasable","15":"product-type-variable"},"bundled_by":["6560","70123","70132"],"bundle_stock_status":"instock","bundle_stock_quantity":null,"bundle_virtual":false,"bundle_layout":"","bundle_add_to_cart_form_location":"","bundle_editable_in_cart":false,"bundle_sold_individually_context":"","bundle_item_grouping":"","bundle_min_size":"","bundle_max_size":"","bundle_price":[],"bundled_items":[],"bundle_sell_ids":[],"acf":[],"_links":{"self":[{"href":"https:\/\/www.balliuexport.com\/fr\/wp-json\/wp\/v2\/product\/6640","targetHints":{"allow":["GET"]}}],"collection":[{"href":"https:\/\/www.balliuexport.com\/fr\/wp-json\/wp\/v2\/product"}],"about":[{"href":"https:\/\/www.balliuexport.com\/fr\/wp-json\/wp\/v2\/types\/product"}],"wp:featuredmedia":[{"embeddable":true,"href":"https:\/\/www.balliuexport.com\/fr\/wp-json\/wp\/v2\/media\/8972"}],"wp:attachment":[{"href":"https:\/\/www.balliuexport.com\/fr\/wp-json\/wp\/v2\/media?parent=6640"}],"wp:term":[{"taxonomy":"product_brand","embeddable":true,"href":"https:\/\/www.balliuexport.com\/fr\/wp-json\/wp\/v2\/product_brand?post=6640"},{"taxonomy":"product_cat","embeddable":true,"href":"https:\/\/www.balliuexport.com\/fr\/wp-json\/wp\/v2\/product_cat?post=6640"},{"taxonomy":"product_tag","embeddable":true,"href":"https:\/\/www.balliuexport.com\/fr\/wp-json\/wp\/v2\/product_tag?post=6640"}],"curies":[{"name":"wp","href":"https:\/\/api.w.org\/{rel}","templated":true}]}}