{"id":6662,"date":"2019-10-30T09:21:29","date_gmt":"2019-10-30T08:21:29","guid":{"rendered":"https:\/\/balliuexport.com\/producto\/selva\/"},"modified":"2026-01-26T10:49:44","modified_gmt":"2026-01-26T09:49:44","slug":"modele-de-chaise-en-resine-selva","status":"publish","type":"product","link":"https:\/\/www.balliuexport.com\/fr\/produit\/modele-de-chaise-en-resine-selva\/","title":{"rendered":"Chaise Selva"},"content":{"rendered":"<p><iframe style=\"width: 1000px; height: 440px; overflow: hidden; border-radius: 8px;\" src=\"https:\/\/viewer.ienhance.co\/v\/app\/65fa162e-fc49-446f-a936-bfb80c9b23e2\" frameborder=\"0\" allowfullscreen=\"allowfullscreen\"><span data-mce-type=\"bookmark\" style=\"display: inline-block; width: 0px; overflow: hidden; line-height: 0;\" class=\"mce_SELRES_start\"><\/span> <\/iframe><\/p>\n<h2><strong><span style=\"color: #006eb7;\">Jungle: l&rsquo;essence de la praticit\u00e9<\/span><\/strong><\/h2>\n<p><span style=\"color: #7a7a7a;\">La silla Selva es una pieza que apuesta por lo esencial, pero sin renunciar a la ingenier\u00eda detr\u00e1s del <span style=\"color: #006eb7;\"> <strong>confort<\/strong> <\/span> y la <span style=\"color: #006eb7;\"> <strong>durabilidad<\/strong> <\/span>. Su estructura de resina de polipropileno reforzada con carga mineral ofrece una resistencia superior, pensada para un uso intensivo en exteriores. El sistema de drenaje integrado en asiento y respaldo asegura un secado r\u00e1pido y un rendimiento \u00f3ptimo frente a la intemperie, mientras que su dise\u00f1o apilable y ligero facilita el almacenaje y la movilidad. <strong data-start=\"654\" data-end=\"780\"><span style=\"color: #006eb7;\">Funcional<\/span> <\/strong>y<strong data-start=\"654\" data-end=\"780\"><span style=\"color: #006eb7;\"> atemporal<\/span>, <\/strong>Selva es la soluci\u00f3n pr\u00e1ctica para entornos profesionales que exigen eficiencia sin complicaciones.<\/span><\/p>\n<p><span style=\"color: #006eb7;\"><strong>* Pour plus de couleurs, v\u00e9rifiez la disponibilit\u00e9*<\/strong><\/span><\/p>\n<p>&nbsp;<\/p>\n","protected":false},"excerpt":{"rendered":"<p>Chaise empilable en r\u00e9sine polypropyl\u00e8ne.<\/p>\n","protected":false},"featured_media":11198,"template":"","meta":{"_acf_changed":false},"product_brand":[],"product_cat":[777,2824,2711],"product_tag":[],"class_list":{"0":"post-6662","1":"product","2":"type-product","3":"status-publish","4":"has-post-thumbnail","6":"product_cat-chaises","7":"product_cat-chaises-en-resine","8":"product_cat-mobilier-pour-parcs-aquatiques","10":"first","11":"instock","12":"taxable","13":"shipping-taxable","14":"purchasable","15":"product-type-simple"},"bundled_by":[],"bundle_stock_status":"instock","bundle_stock_quantity":null,"bundle_virtual":false,"bundle_layout":"","bundle_add_to_cart_form_location":"","bundle_editable_in_cart":false,"bundle_sold_individually_context":"","bundle_item_grouping":"","bundle_min_size":"","bundle_max_size":"","bundle_price":[],"bundled_items":[],"bundle_sell_ids":[],"acf":[],"_links":{"self":[{"href":"https:\/\/www.balliuexport.com\/fr\/wp-json\/wp\/v2\/product\/6662","targetHints":{"allow":["GET"]}}],"collection":[{"href":"https:\/\/www.balliuexport.com\/fr\/wp-json\/wp\/v2\/product"}],"about":[{"href":"https:\/\/www.balliuexport.com\/fr\/wp-json\/wp\/v2\/types\/product"}],"wp:featuredmedia":[{"embeddable":true,"href":"https:\/\/www.balliuexport.com\/fr\/wp-json\/wp\/v2\/media\/11198"}],"wp:attachment":[{"href":"https:\/\/www.balliuexport.com\/fr\/wp-json\/wp\/v2\/media?parent=6662"}],"wp:term":[{"taxonomy":"product_brand","embeddable":true,"href":"https:\/\/www.balliuexport.com\/fr\/wp-json\/wp\/v2\/product_brand?post=6662"},{"taxonomy":"product_cat","embeddable":true,"href":"https:\/\/www.balliuexport.com\/fr\/wp-json\/wp\/v2\/product_cat?post=6662"},{"taxonomy":"product_tag","embeddable":true,"href":"https:\/\/www.balliuexport.com\/fr\/wp-json\/wp\/v2\/product_tag?post=6662"}],"curies":[{"name":"wp","href":"https:\/\/api.w.org\/{rel}","templated":true}]}}