{"id":6694,"date":"2023-03-21T16:17:57","date_gmt":"2023-03-21T15:17:57","guid":{"rendered":"https:\/\/balliuexport.com\/producto\/venus\/"},"modified":"2026-02-18T12:32:34","modified_gmt":"2026-02-18T11:32:34","slug":"chaise-en-resine-avec-accoudoirs-venus","status":"publish","type":"product","link":"https:\/\/www.balliuexport.com\/fr\/produit\/chaise-en-resine-avec-accoudoirs-venus\/","title":{"rendered":"Chaise Venus avec accoudoirs"},"content":{"rendered":"<p>Chaise empilable avec accoudoirs en r\u00e9sine de polypropyl\u00e8ne inject\u00e9e de gaz et renforc\u00e9e de fibre de verre. Cette chaise pr\u00e9sente une formulation sp\u00e9ciale avec traitement anti-UV, qui garantit sa durabilit\u00e9 et sa r\u00e9sistance \u00e0 la d\u00e9coloration et aux effets du soleil. Son design \u00e9l\u00e9gant et \u00e9l\u00e9gant ajoute non seulement une touche de sophistication \u00e0 n&rsquo;importe quel environnement, mais garantit \u00e9galement un repos confortable et s\u00fbr aux utilisateurs. Id\u00e9ale pour une utilisation en ext\u00e9rieur, sur les terrasses et les jardins, cette chaise allie fonctionnalit\u00e9 et esth\u00e9tique, offrant une solution durable et attrayante pour le mobilier d&rsquo;ext\u00e9rieur.<\/p>\n","protected":false},"excerpt":{"rendered":"<p>Chaise empilable pour h\u00f4tels et restaurants en r\u00e9sine polypropyl\u00e8ne..<\/p>\n<p><span style=\"color: #006eb7;\"><strong>Prix sans TVA inclus<\/strong><\/span><\/p>\n","protected":false},"featured_media":9082,"template":"","meta":{"_acf_changed":false},"product_brand":[],"product_cat":[777,2824,2707,2262],"product_tag":[],"class_list":{"0":"post-6694","1":"product","2":"type-product","3":"status-publish","4":"has-post-thumbnail","6":"product_cat-chaises","7":"product_cat-chaises-en-resine","8":"product_cat-mobilier-dexterieur-pour-bateaux-de-croisiere","9":"product_cat-mobilier-de-patio-moderne","11":"first","12":"instock","13":"taxable","14":"shipping-taxable","15":"purchasable","16":"product-type-simple"},"bundled_by":[],"bundle_stock_status":"instock","bundle_stock_quantity":31,"bundle_virtual":false,"bundle_layout":"","bundle_add_to_cart_form_location":"","bundle_editable_in_cart":false,"bundle_sold_individually_context":"","bundle_item_grouping":"","bundle_min_size":"","bundle_max_size":"","bundle_price":[],"bundled_items":[],"bundle_sell_ids":[],"acf":[],"_links":{"self":[{"href":"https:\/\/www.balliuexport.com\/fr\/wp-json\/wp\/v2\/product\/6694","targetHints":{"allow":["GET"]}}],"collection":[{"href":"https:\/\/www.balliuexport.com\/fr\/wp-json\/wp\/v2\/product"}],"about":[{"href":"https:\/\/www.balliuexport.com\/fr\/wp-json\/wp\/v2\/types\/product"}],"wp:featuredmedia":[{"embeddable":true,"href":"https:\/\/www.balliuexport.com\/fr\/wp-json\/wp\/v2\/media\/9082"}],"wp:attachment":[{"href":"https:\/\/www.balliuexport.com\/fr\/wp-json\/wp\/v2\/media?parent=6694"}],"wp:term":[{"taxonomy":"product_brand","embeddable":true,"href":"https:\/\/www.balliuexport.com\/fr\/wp-json\/wp\/v2\/product_brand?post=6694"},{"taxonomy":"product_cat","embeddable":true,"href":"https:\/\/www.balliuexport.com\/fr\/wp-json\/wp\/v2\/product_cat?post=6694"},{"taxonomy":"product_tag","embeddable":true,"href":"https:\/\/www.balliuexport.com\/fr\/wp-json\/wp\/v2\/product_tag?post=6694"}],"curies":[{"name":"wp","href":"https:\/\/api.w.org\/{rel}","templated":true}]}}