{"id":6703,"date":"2023-03-21T16:02:34","date_gmt":"2023-03-21T15:02:34","guid":{"rendered":"https:\/\/balliuexport.com\/producto\/venus-2\/"},"modified":"2026-02-18T12:30:48","modified_gmt":"2026-02-18T11:30:48","slug":"chaise-en-resine-venus","status":"publish","type":"product","link":"https:\/\/www.balliuexport.com\/fr\/produit\/chaise-en-resine-venus\/","title":{"rendered":"Chaise Venus"},"content":{"rendered":"<p>Chaise empilable en r\u00e9sine de polypropyl\u00e8ne inject\u00e9e de gaz et renforc\u00e9e de fibre de verre. Formulation sp\u00e9ciale avec traitement anti-UV. Design \u00e9l\u00e9gant et \u00e9l\u00e9gant qui offre un repos confortable et s\u00fbr.<\/p>\n","protected":false},"excerpt":{"rendered":"<p><strong><span style=\"color: #006eb7;\">Prix sans TVA inclus<\/span><\/strong><\/p>\n","protected":false},"featured_media":9074,"template":"","meta":{"_acf_changed":false},"product_brand":[],"product_cat":[777,2824],"product_tag":[],"class_list":{"0":"post-6703","1":"product","2":"type-product","3":"status-publish","4":"has-post-thumbnail","6":"product_cat-chaises","7":"product_cat-chaises-en-resine","9":"first","10":"instock","11":"taxable","12":"shipping-taxable","13":"purchasable","14":"product-type-simple"},"bundled_by":[],"bundle_stock_status":"instock","bundle_stock_quantity":38,"bundle_virtual":false,"bundle_layout":"","bundle_add_to_cart_form_location":"","bundle_editable_in_cart":false,"bundle_sold_individually_context":"","bundle_item_grouping":"","bundle_min_size":"","bundle_max_size":"","bundle_price":[],"bundled_items":[],"bundle_sell_ids":[],"acf":[],"_links":{"self":[{"href":"https:\/\/www.balliuexport.com\/fr\/wp-json\/wp\/v2\/product\/6703","targetHints":{"allow":["GET"]}}],"collection":[{"href":"https:\/\/www.balliuexport.com\/fr\/wp-json\/wp\/v2\/product"}],"about":[{"href":"https:\/\/www.balliuexport.com\/fr\/wp-json\/wp\/v2\/types\/product"}],"wp:featuredmedia":[{"embeddable":true,"href":"https:\/\/www.balliuexport.com\/fr\/wp-json\/wp\/v2\/media\/9074"}],"wp:attachment":[{"href":"https:\/\/www.balliuexport.com\/fr\/wp-json\/wp\/v2\/media?parent=6703"}],"wp:term":[{"taxonomy":"product_brand","embeddable":true,"href":"https:\/\/www.balliuexport.com\/fr\/wp-json\/wp\/v2\/product_brand?post=6703"},{"taxonomy":"product_cat","embeddable":true,"href":"https:\/\/www.balliuexport.com\/fr\/wp-json\/wp\/v2\/product_cat?post=6703"},{"taxonomy":"product_tag","embeddable":true,"href":"https:\/\/www.balliuexport.com\/fr\/wp-json\/wp\/v2\/product_tag?post=6703"}],"curies":[{"name":"wp","href":"https:\/\/api.w.org\/{rel}","templated":true}]}}