{"id":6726,"date":"2022-03-29T15:36:38","date_gmt":"2022-03-29T13:36:38","guid":{"rendered":"https:\/\/balliuexport.com\/producto\/nettoyant-deck-defender\/"},"modified":"2025-12-15T09:36:58","modified_gmt":"2025-12-15T08:36:58","slug":"nettoyant-pour-chaises-longues","status":"publish","type":"product","link":"https:\/\/www.balliuexport.com\/fr\/produit\/nettoyant-pour-chaises-longues\/","title":{"rendered":"Nettoyant pour chaises longues"},"content":{"rendered":"<p>Nettoyant sp\u00e9cifique pour toiles, tissus d&rsquo;ameublement et housses en g\u00e9n\u00e9ral. PH de base. Ce n&rsquo;est pas inflammable. Ne contient pas de silicones. Biod\u00e9gradable.<\/p>\n","protected":false},"excerpt":{"rendered":"<p>Nettoyant pour bains de soleil.<\/p>\n","protected":false},"featured_media":9111,"template":"","meta":{"_acf_changed":false},"product_brand":[],"product_cat":[838],"product_tag":[],"class_list":{"0":"post-6726","1":"product","2":"type-product","3":"status-publish","4":"has-post-thumbnail","6":"product_cat-accessoires-pour-mobilier-exterieur","8":"first","9":"instock","10":"taxable","11":"shipping-taxable","12":"purchasable","13":"product-type-simple"},"bundled_by":[],"bundle_stock_status":"instock","bundle_stock_quantity":167,"bundle_virtual":false,"bundle_layout":"","bundle_add_to_cart_form_location":"","bundle_editable_in_cart":false,"bundle_sold_individually_context":"","bundle_item_grouping":"","bundle_min_size":"","bundle_max_size":"","bundle_price":[],"bundled_items":[],"bundle_sell_ids":[],"acf":[],"_links":{"self":[{"href":"https:\/\/www.balliuexport.com\/fr\/wp-json\/wp\/v2\/product\/6726","targetHints":{"allow":["GET"]}}],"collection":[{"href":"https:\/\/www.balliuexport.com\/fr\/wp-json\/wp\/v2\/product"}],"about":[{"href":"https:\/\/www.balliuexport.com\/fr\/wp-json\/wp\/v2\/types\/product"}],"wp:featuredmedia":[{"embeddable":true,"href":"https:\/\/www.balliuexport.com\/fr\/wp-json\/wp\/v2\/media\/9111"}],"wp:attachment":[{"href":"https:\/\/www.balliuexport.com\/fr\/wp-json\/wp\/v2\/media?parent=6726"}],"wp:term":[{"taxonomy":"product_brand","embeddable":true,"href":"https:\/\/www.balliuexport.com\/fr\/wp-json\/wp\/v2\/product_brand?post=6726"},{"taxonomy":"product_cat","embeddable":true,"href":"https:\/\/www.balliuexport.com\/fr\/wp-json\/wp\/v2\/product_cat?post=6726"},{"taxonomy":"product_tag","embeddable":true,"href":"https:\/\/www.balliuexport.com\/fr\/wp-json\/wp\/v2\/product_tag?post=6726"}],"curies":[{"name":"wp","href":"https:\/\/api.w.org\/{rel}","templated":true}]}}