{"id":6797,"date":"2022-03-29T14:31:15","date_gmt":"2022-03-29T12:31:15","guid":{"rendered":"https:\/\/balliuexport.com\/producto\/housse-de-canape-1-place\/"},"modified":"2025-12-03T16:06:56","modified_gmt":"2025-12-03T15:06:56","slug":"housse-pour-canape-individuel-olimpia","status":"publish","type":"product","link":"https:\/\/www.balliuexport.com\/fr\/produit\/housse-pour-canape-individuel-olimpia\/","title":{"rendered":"Housse de canap\u00e9 (1 place)"},"content":{"rendered":"<p>Prot\u00e9gez et prolongez la dur\u00e9e de vie de votre canap\u00e9 simple Olimpia avec cette housse de canap\u00e9 en polyester recyclable de haute qualit\u00e9. Con\u00e7ue pour r\u00e9sister aux \u00e9l\u00e9ments, cette housse offre une barri\u00e8re efficace contre la poussi\u00e8re, l&rsquo;humidit\u00e9 et les rayons UV, gardant vos meubles en parfait \u00e9tat saison apr\u00e8s saison. Son mat\u00e9riau l\u00e9ger et durable assure un placement et un rangement faciles lorsqu&rsquo;il n&rsquo;est pas utilis\u00e9.  <\/p>\n","protected":false},"excerpt":{"rendered":"<p>Housse pour le canap\u00e9 simple Olimpia.<\/p>\n","protected":false},"featured_media":9156,"template":"","meta":{"_acf_changed":false},"product_brand":[],"product_cat":[838],"product_tag":[],"class_list":{"0":"post-6797","1":"product","2":"type-product","3":"status-publish","4":"has-post-thumbnail","6":"product_cat-accessoires-pour-mobilier-exterieur","8":"first","9":"instock","10":"taxable","11":"shipping-taxable","12":"purchasable","13":"product-type-simple"},"bundled_by":[],"bundle_stock_status":"instock","bundle_stock_quantity":null,"bundle_virtual":false,"bundle_layout":"","bundle_add_to_cart_form_location":"","bundle_editable_in_cart":false,"bundle_sold_individually_context":"","bundle_item_grouping":"","bundle_min_size":"","bundle_max_size":"","bundle_price":[],"bundled_items":[],"bundle_sell_ids":[],"acf":[],"_links":{"self":[{"href":"https:\/\/www.balliuexport.com\/fr\/wp-json\/wp\/v2\/product\/6797","targetHints":{"allow":["GET"]}}],"collection":[{"href":"https:\/\/www.balliuexport.com\/fr\/wp-json\/wp\/v2\/product"}],"about":[{"href":"https:\/\/www.balliuexport.com\/fr\/wp-json\/wp\/v2\/types\/product"}],"wp:featuredmedia":[{"embeddable":true,"href":"https:\/\/www.balliuexport.com\/fr\/wp-json\/wp\/v2\/media\/9156"}],"wp:attachment":[{"href":"https:\/\/www.balliuexport.com\/fr\/wp-json\/wp\/v2\/media?parent=6797"}],"wp:term":[{"taxonomy":"product_brand","embeddable":true,"href":"https:\/\/www.balliuexport.com\/fr\/wp-json\/wp\/v2\/product_brand?post=6797"},{"taxonomy":"product_cat","embeddable":true,"href":"https:\/\/www.balliuexport.com\/fr\/wp-json\/wp\/v2\/product_cat?post=6797"},{"taxonomy":"product_tag","embeddable":true,"href":"https:\/\/www.balliuexport.com\/fr\/wp-json\/wp\/v2\/product_tag?post=6797"}],"curies":[{"name":"wp","href":"https:\/\/api.w.org\/{rel}","templated":true}]}}