{"id":6838,"date":"2022-03-29T13:59:31","date_gmt":"2022-03-29T11:59:31","guid":{"rendered":"https:\/\/balliuexport.com\/producto\/housse-de-bain-de-soleil-2-unites\/"},"modified":"2025-12-03T15:40:33","modified_gmt":"2025-12-03T14:40:33","slug":"housse-de-bain-de-soleil-2-unites","status":"publish","type":"product","link":"https:\/\/www.balliuexport.com\/fr\/produit\/housse-de-bain-de-soleil-2-unites\/","title":{"rendered":"Housse de bain de soleil (2 unit\u00e9s)"},"content":{"rendered":"<p>Housse imperm\u00e9able robuste, con\u00e7ue pour couvrir deux chaises longues empilables Balliu en une seule pi\u00e8ce.<\/p>\n","protected":false},"excerpt":{"rendered":"<p>Housse pour 2 bains de soleil empilables.<\/p>\n","protected":false},"featured_media":9160,"template":"","meta":{"_acf_changed":false},"product_brand":[],"product_cat":[838],"product_tag":[],"class_list":{"0":"post-6838","1":"product","2":"type-product","3":"status-publish","4":"has-post-thumbnail","6":"product_cat-accessoires-pour-mobilier-exterieur","8":"first","9":"instock","10":"taxable","11":"shipping-taxable","12":"purchasable","13":"product-type-simple"},"bundled_by":[],"bundle_stock_status":"instock","bundle_stock_quantity":null,"bundle_virtual":false,"bundle_layout":"","bundle_add_to_cart_form_location":"","bundle_editable_in_cart":false,"bundle_sold_individually_context":"","bundle_item_grouping":"","bundle_min_size":"","bundle_max_size":"","bundle_price":[],"bundled_items":[],"bundle_sell_ids":[],"acf":[],"_links":{"self":[{"href":"https:\/\/www.balliuexport.com\/fr\/wp-json\/wp\/v2\/product\/6838","targetHints":{"allow":["GET"]}}],"collection":[{"href":"https:\/\/www.balliuexport.com\/fr\/wp-json\/wp\/v2\/product"}],"about":[{"href":"https:\/\/www.balliuexport.com\/fr\/wp-json\/wp\/v2\/types\/product"}],"wp:featuredmedia":[{"embeddable":true,"href":"https:\/\/www.balliuexport.com\/fr\/wp-json\/wp\/v2\/media\/9160"}],"wp:attachment":[{"href":"https:\/\/www.balliuexport.com\/fr\/wp-json\/wp\/v2\/media?parent=6838"}],"wp:term":[{"taxonomy":"product_brand","embeddable":true,"href":"https:\/\/www.balliuexport.com\/fr\/wp-json\/wp\/v2\/product_brand?post=6838"},{"taxonomy":"product_cat","embeddable":true,"href":"https:\/\/www.balliuexport.com\/fr\/wp-json\/wp\/v2\/product_cat?post=6838"},{"taxonomy":"product_tag","embeddable":true,"href":"https:\/\/www.balliuexport.com\/fr\/wp-json\/wp\/v2\/product_tag?post=6838"}],"curies":[{"name":"wp","href":"https:\/\/api.w.org\/{rel}","templated":true}]}}