{"id":70132,"date":"2026-02-09T12:23:21","date_gmt":"2026-02-09T11:23:21","guid":{"rendered":"https:\/\/www.balliuexport.com\/producto\/ensemble-brunei-160-cm\/"},"modified":"2026-02-09T12:23:21","modified_gmt":"2026-02-09T11:23:21","slug":"ensemble-brunei-160-cm","status":"publish","type":"product","link":"https:\/\/www.balliuexport.com\/fr\/produit\/ensemble-brunei-160-cm\/","title":{"rendered":"Ensemble Brunei 160 cm"},"content":{"rendered":"<p data-start=\"345\" data-end=\"597\"><span style=\"color: #7a7a7a;\">L&rsquo;ensemble du<\/span> <span style=\"color: #006eb7;\"><a style=\"color: #006eb7;\" href=\"https:\/\/www.balliuexport.com\/fr\/produit\/table-en-aluminium-brunei\/\">Brunei<\/a><\/span> <span style=\"color: #7a7a7a;\">avec 6 chaises<\/span> <span style=\"color: #006eb7;\"><a style=\"color: #006eb7;\" href=\"https:\/\/www.balliuexport.com\/fr\/produit\/chaise-duna\/\">Dune<\/a><\/span> <span style=\"color: #7a7a7a;\">est une proposition con\u00e7ue pour les espaces ext\u00e9rieurs o\u00f9 la qualit\u00e9 de la construction et les solutions bien con\u00e7ues font la diff\u00e9rence. Une combinaison \u00e9quilibr\u00e9e qui transmet solidit\u00e9, ordre et confort d\u00e8s la premi\u00e8re utilisation. La table Brunei constitue une base solide et stable gr\u00e2ce \u00e0 sa structure en aluminium et \u00e0 son plateau en HPL, ce qui donne une impression de robustesse et de fiabilit\u00e9 \u00e0 long terme. Autour d&rsquo;elle, les 6 chaises Duna, en r\u00e9sine renforc\u00e9e de fibre de verre, apportent l\u00e9g\u00e8ret\u00e9 visuelle et ergonomie fonctionnelle, cr\u00e9ant un ensemble harmonieux et coh\u00e9rent.   <\/span><\/p>\n<p data-start=\"960\" data-end=\"1218\"><span style=\"color: #7a7a7a;\">Le r\u00e9sultat est un ensemble robuste et bien proportionn\u00e9, pr\u00eat \u00e0 \u00eatre utilis\u00e9 en permanence dans des environnements professionnels et r\u00e9sidentiels exigeants, o\u00f9 l&rsquo;on appr\u00e9cie les meubles durables, faciles \u00e0 entretenir et dont l&rsquo;esth\u00e9tique perdure dans le temps.<\/span><\/p>\n","protected":false},"excerpt":{"rendered":"<p>L&rsquo;ensemble du Brunei avec 6 chaises Dune est une proposition con\u00e7ue pour les espaces ext\u00e9rieurs o\u00f9 la qualit\u00e9 de la construction et les solutions bien con\u00e7ues font la diff\u00e9rence. Une combinaison \u00e9quilibr\u00e9e qui transmet solidit\u00e9, ordre et confort d\u00e8s la premi\u00e8re utilisation. La table Brunei constitue une base solide et stable gr\u00e2ce \u00e0 sa structure en aluminium et \u00e0 son\u2026<\/p>\n","protected":false},"featured_media":70129,"template":"","meta":{"_acf_changed":false},"product_brand":[],"product_cat":[775],"product_tag":[],"class_list":{"0":"post-70132","1":"product","2":"type-product","3":"status-publish","4":"has-post-thumbnail","6":"product_cat-ensembles-mobilier-exterieur","8":"first","9":"instock","10":"sale","11":"virtual","12":"taxable","13":"purchasable","14":"product-type-bundle"},"bundled_by":[],"bundle_stock_status":"instock","bundle_stock_quantity":"","bundle_virtual":false,"bundle_layout":"default","bundle_add_to_cart_form_location":"default","bundle_editable_in_cart":false,"bundle_sold_individually_context":"product","bundle_item_grouping":"parent","bundle_min_size":"","bundle_max_size":"","bundle_price":{"price":{"min":{"incl_tax":"1171.43","excl_tax":"968.12"},"max":{"incl_tax":"1314.18","excl_tax":"1086.1"}},"regular_price":{"min":{"incl_tax":"1233.09","excl_tax":"1019.08"},"max":{"incl_tax":"1383.35","excl_tax":"1143.26"}}},"bundled_items":[{"bundled_item_id":192,"product_id":6640,"menu_order":0,"quantity_min":1,"quantity_max":1,"quantity_default":1,"priced_individually":true,"shipped_individually":false,"override_title":false,"title":"Table Brunei","override_description":true,"description":"","optional":false,"hide_thumbnail":false,"discount":"5","override_variations":true,"allowed_variations":[43993,43990,43996,44002,43999,43963,43960,43966,43972,43969,43978,43975,43981,43987,43984],"override_default_variation_attributes":false,"default_variation_attributes":[],"single_product_visibility":"visible","cart_visibility":"visible","order_visibility":"visible","single_product_price_visibility":"visible","cart_price_visibility":"visible","order_price_visibility":"visible","stock_status":"in_stock"},{"bundled_item_id":193,"product_id":55788,"menu_order":1,"quantity_min":6,"quantity_max":6,"quantity_default":6,"priced_individually":true,"shipped_individually":false,"override_title":false,"title":"Chaise Duna","override_description":true,"description":"","optional":false,"hide_thumbnail":false,"discount":"5","override_variations":false,"allowed_variations":[""],"override_default_variation_attributes":false,"default_variation_attributes":[],"single_product_visibility":"visible","cart_visibility":"visible","order_visibility":"visible","single_product_price_visibility":"visible","cart_price_visibility":"visible","order_price_visibility":"visible","stock_status":"in_stock"}],"bundle_sell_ids":[],"acf":[],"_links":{"self":[{"href":"https:\/\/www.balliuexport.com\/fr\/wp-json\/wp\/v2\/product\/70132","targetHints":{"allow":["GET"]}}],"collection":[{"href":"https:\/\/www.balliuexport.com\/fr\/wp-json\/wp\/v2\/product"}],"about":[{"href":"https:\/\/www.balliuexport.com\/fr\/wp-json\/wp\/v2\/types\/product"}],"wp:featuredmedia":[{"embeddable":true,"href":"https:\/\/www.balliuexport.com\/fr\/wp-json\/wp\/v2\/media\/70129"}],"wp:attachment":[{"href":"https:\/\/www.balliuexport.com\/fr\/wp-json\/wp\/v2\/media?parent=70132"}],"wp:term":[{"taxonomy":"product_brand","embeddable":true,"href":"https:\/\/www.balliuexport.com\/fr\/wp-json\/wp\/v2\/product_brand?post=70132"},{"taxonomy":"product_cat","embeddable":true,"href":"https:\/\/www.balliuexport.com\/fr\/wp-json\/wp\/v2\/product_cat?post=70132"},{"taxonomy":"product_tag","embeddable":true,"href":"https:\/\/www.balliuexport.com\/fr\/wp-json\/wp\/v2\/product_tag?post=70132"}],"curies":[{"name":"wp","href":"https:\/\/api.w.org\/{rel}","templated":true}]}}