{"id":70144,"date":"2026-02-09T12:49:24","date_gmt":"2026-02-09T11:49:24","guid":{"rendered":"https:\/\/www.balliuexport.com\/producto\/ensemble-java\/"},"modified":"2026-02-09T12:49:24","modified_gmt":"2026-02-09T11:49:24","slug":"ensemble-java","status":"publish","type":"product","link":"https:\/\/www.balliuexport.com\/fr\/produit\/ensemble-java\/","title":{"rendered":"Ensemble Java"},"content":{"rendered":"<p data-start=\"176\" data-end=\"346\"><span style=\"color: #7a7a7a;\">L&rsquo;ensemble Java avec 6 chaises Etna est une proposition \u00e9quilibr\u00e9e et \u00e9l\u00e9gante pour les espaces ext\u00e9rieurs qui valorisent le design intemporel, le confort et la qualit\u00e9 de fabrication. La <\/span> <span style=\"color: #006eb7;\"><a style=\"color: #006eb7;\" href=\"https:\/\/www.balliuexport.com\/fr\/produit\/table-en-aluminium-java\/\">table Java<\/a><\/span><span style=\"color: #7a7a7a;\">, avec une structure en aluminium et un plateau en HPL, offre une solution extensible solide et pr\u00e9cise, con\u00e7ue pour s&rsquo;adapter \u00e0 diff\u00e9rents moments d&rsquo;utilisation sans renoncer \u00e0 la stabilit\u00e9 ni \u00e0 l&rsquo;esth\u00e9tique. Les 6 <\/span> <span style=\"color: #006eb7;\"><a style=\"color: #006eb7;\" href=\"https:\/\/www.balliuexport.com\/fr\/produit\/chaise-en-aluminium-modele-etna\/\">chaises Etna<\/a><\/span>,<span style=\"color: #7a7a7a;\"> l&rsquo;un des designs les plus reconnaissables de Balliu, compl\u00e8tent l&rsquo;ensemble en alliant l\u00e9g\u00e8ret\u00e9, r\u00e9sistance et confort, gr\u00e2ce \u00e0 leur structure en aluminium, leurs accoudoirs int\u00e9gr\u00e9s et leur syst\u00e8me de tissu rempla\u00e7able.<\/span><\/p>\n<p data-start=\"787\" data-end=\"924\"><span style=\"color: #7a7a7a;\">Un ensemble coh\u00e9rent et durable, con\u00e7u pour les terrasses et les espaces ext\u00e9rieurs exigeants o\u00f9 design et fiabilit\u00e9 vont de pair.<\/span><\/p>\n","protected":false},"excerpt":{"rendered":"<p>L&rsquo;ensemble Java avec 6 chaises Etna est une proposition \u00e9quilibr\u00e9e et \u00e9l\u00e9gante pour les espaces ext\u00e9rieurs qui valorisent le design intemporel, le confort et la qualit\u00e9 de fabrication. La table Java, avec une structure en aluminium et un plateau en HPL, offre une solution extensible solide et pr\u00e9cise, con\u00e7ue pour s&rsquo;adapter \u00e0 diff\u00e9rents moments d&rsquo;utilisation sans renoncer \u00e0 la stabilit\u00e9\u2026<\/p>\n","protected":false},"featured_media":70137,"template":"","meta":{"_acf_changed":false},"product_brand":[],"product_cat":[775],"product_tag":[],"class_list":{"0":"post-70144","1":"product","2":"type-product","3":"status-publish","4":"has-post-thumbnail","6":"product_cat-ensembles-mobilier-exterieur","8":"first","9":"instock","10":"sale","11":"virtual","12":"taxable","13":"purchasable","14":"product-type-bundle"},"bundled_by":[],"bundle_stock_status":"instock","bundle_stock_quantity":"","bundle_virtual":false,"bundle_layout":"default","bundle_add_to_cart_form_location":"default","bundle_editable_in_cart":false,"bundle_sold_individually_context":"product","bundle_item_grouping":"parent","bundle_min_size":"","bundle_max_size":"","bundle_price":{"price":{"min":{"incl_tax":"2531.43","excl_tax":"2092.09"},"max":{"incl_tax":"3218.3","excl_tax":"2659.75"}},"regular_price":{"min":{"incl_tax":"2664.66","excl_tax":"2202.2"},"max":{"incl_tax":"3387.68","excl_tax":"2799.74"}}},"bundled_items":[{"bundled_item_id":200,"product_id":13052,"menu_order":0,"quantity_min":1,"quantity_max":1,"quantity_default":1,"priced_individually":true,"shipped_individually":false,"override_title":false,"title":"Table Java","override_description":true,"description":"","optional":false,"hide_thumbnail":false,"discount":"5","override_variations":false,"allowed_variations":[""],"override_default_variation_attributes":false,"default_variation_attributes":[],"single_product_visibility":"visible","cart_visibility":"visible","order_visibility":"visible","single_product_price_visibility":"visible","cart_price_visibility":"visible","order_price_visibility":"visible","stock_status":"in_stock"},{"bundled_item_id":201,"product_id":7332,"menu_order":1,"quantity_min":6,"quantity_max":6,"quantity_default":6,"priced_individually":true,"shipped_individually":false,"override_title":false,"title":"Chaise Etna","override_description":true,"description":"","optional":false,"hide_thumbnail":false,"discount":"5","override_variations":false,"allowed_variations":[""],"override_default_variation_attributes":false,"default_variation_attributes":[],"single_product_visibility":"visible","cart_visibility":"visible","order_visibility":"visible","single_product_price_visibility":"visible","cart_price_visibility":"visible","order_price_visibility":"visible","stock_status":"in_stock"}],"bundle_sell_ids":[],"acf":[],"_links":{"self":[{"href":"https:\/\/www.balliuexport.com\/fr\/wp-json\/wp\/v2\/product\/70144","targetHints":{"allow":["GET"]}}],"collection":[{"href":"https:\/\/www.balliuexport.com\/fr\/wp-json\/wp\/v2\/product"}],"about":[{"href":"https:\/\/www.balliuexport.com\/fr\/wp-json\/wp\/v2\/types\/product"}],"wp:featuredmedia":[{"embeddable":true,"href":"https:\/\/www.balliuexport.com\/fr\/wp-json\/wp\/v2\/media\/70137"}],"wp:attachment":[{"href":"https:\/\/www.balliuexport.com\/fr\/wp-json\/wp\/v2\/media?parent=70144"}],"wp:term":[{"taxonomy":"product_brand","embeddable":true,"href":"https:\/\/www.balliuexport.com\/fr\/wp-json\/wp\/v2\/product_brand?post=70144"},{"taxonomy":"product_cat","embeddable":true,"href":"https:\/\/www.balliuexport.com\/fr\/wp-json\/wp\/v2\/product_cat?post=70144"},{"taxonomy":"product_tag","embeddable":true,"href":"https:\/\/www.balliuexport.com\/fr\/wp-json\/wp\/v2\/product_tag?post=70144"}],"curies":[{"name":"wp","href":"https:\/\/api.w.org\/{rel}","templated":true}]}}