{"id":70156,"date":"2026-02-09T13:23:04","date_gmt":"2026-02-09T12:23:04","guid":{"rendered":"https:\/\/www.balliuexport.com\/producto\/ensemble-atlanta\/"},"modified":"2026-02-09T13:23:04","modified_gmt":"2026-02-09T12:23:04","slug":"ensemble-atlanta","status":"publish","type":"product","link":"https:\/\/www.balliuexport.com\/fr\/produit\/ensemble-atlanta\/","title":{"rendered":"Ensemble Atlanta"},"content":{"rendered":"<p data-start=\"291\" data-end=\"524\"><span style=\"color: #7a7a7a;\">L&rsquo;ensemble Atlanta avec 4 chaises Etna propose une fa\u00e7on plus flexible de vivre l&rsquo;ext\u00e9rieur, o\u00f9 le design accompagne l&rsquo;usage et non l&rsquo;inverse. Une combinaison con\u00e7ue pour s&rsquo;adapter \u00e0 diff\u00e9rents moments sans perdre en coh\u00e9rence ni en pr\u00e9sence. La <span style=\"color: #006eb7;\"><a href=\"https:\/\/www.balliuexport.com\/fr\/produit\/table-extensible-en-aluminium-atlanta\/\">table Atlanta<\/a><\/span>, avec sa structure et son plateau enti\u00e8rement en aluminium, introduit une solution extensible int\u00e9gr\u00e9e qui permet d&rsquo;agrandir l&rsquo;espace de mani\u00e8re fluide et discr\u00e8te, tout en conservant une esth\u00e9tique ordonn\u00e9e. Les <span style=\"color: #006eb7;\"><a style=\"color: #006eb7;\" href=\"https:\/\/www.balliuexport.com\/fr\/produit\/chaise-en-aluminium-modele-etna\/\">chaises Etna<\/a><\/span> apportent le contrepoint de confort et de caract\u00e8re, avec un design embl\u00e9matique qui se distingue par son ergonomie, ses accoudoirs int\u00e9gr\u00e9s et un syst\u00e8me de tissu rempla\u00e7able con\u00e7u pour prolonger la dur\u00e9e de vie de l&rsquo;ensemble.   <\/span><\/p>\n<p data-start=\"967\" data-end=\"1140\"><span style=\"color: #7a7a7a;\">Un ensemble qui \u00e9volue avec l&rsquo;espace et le rythme d&rsquo;utilisation, con\u00e7u pour les ext\u00e9rieurs exigeants o\u00f9 la durabilit\u00e9, le confort et un design bien pens\u00e9 sont les ma\u00eetres mots.<\/span><\/p>\n","protected":false},"excerpt":{"rendered":"<p>L&rsquo;ensemble Atlanta avec 4 chaises Etna propose une fa\u00e7on plus flexible de vivre l&rsquo;ext\u00e9rieur, o\u00f9 le design accompagne l&rsquo;usage et non l&rsquo;inverse. Une combinaison con\u00e7ue pour s&rsquo;adapter \u00e0 diff\u00e9rents moments sans perdre en coh\u00e9rence ni en pr\u00e9sence. La table Atlanta, avec sa structure et son plateau enti\u00e8rement en aluminium, introduit une solution extensible int\u00e9gr\u00e9e qui permet d&rsquo;agrandir l&rsquo;espace de mani\u00e8re\u2026<\/p>\n","protected":false},"featured_media":70153,"template":"","meta":{"_acf_changed":false},"product_brand":[],"product_cat":[775],"product_tag":[],"class_list":{"0":"post-70156","1":"product","2":"type-product","3":"status-publish","4":"has-post-thumbnail","6":"product_cat-ensembles-mobilier-exterieur","8":"first","9":"instock","10":"sale","11":"virtual","12":"taxable","13":"purchasable","14":"product-type-bundle"},"bundled_by":[],"bundle_stock_status":"instock","bundle_stock_quantity":"","bundle_virtual":false,"bundle_layout":"default","bundle_add_to_cart_form_location":"default","bundle_editable_in_cart":false,"bundle_sold_individually_context":"product","bundle_item_grouping":"parent","bundle_min_size":"","bundle_max_size":"","bundle_price":{"price":{"min":{"incl_tax":"1901.56","excl_tax":"1571.53"},"max":{"incl_tax":"1901.56","excl_tax":"1571.53"}},"regular_price":{"min":{"incl_tax":"2001.63","excl_tax":"1654.24"},"max":{"incl_tax":"2001.63","excl_tax":"1654.24"}}},"bundled_items":[{"bundled_item_id":208,"product_id":6711,"menu_order":0,"quantity_min":1,"quantity_max":1,"quantity_default":1,"priced_individually":true,"shipped_individually":false,"override_title":false,"title":"Table Atlanta","override_description":true,"description":"","optional":false,"hide_thumbnail":false,"discount":"5","override_variations":true,"allowed_variations":[51456,51458,51460],"override_default_variation_attributes":false,"default_variation_attributes":[],"single_product_visibility":"visible","cart_visibility":"visible","order_visibility":"visible","single_product_price_visibility":"visible","cart_price_visibility":"visible","order_price_visibility":"visible","stock_status":"in_stock"},{"bundled_item_id":209,"product_id":7332,"menu_order":1,"quantity_min":4,"quantity_max":4,"quantity_default":4,"priced_individually":true,"shipped_individually":false,"override_title":false,"title":"Chaise Etna","override_description":true,"description":"","optional":false,"hide_thumbnail":false,"discount":"5","override_variations":false,"allowed_variations":[""],"override_default_variation_attributes":false,"default_variation_attributes":[],"single_product_visibility":"visible","cart_visibility":"visible","order_visibility":"visible","single_product_price_visibility":"visible","cart_price_visibility":"visible","order_price_visibility":"visible","stock_status":"in_stock"}],"bundle_sell_ids":[],"acf":[],"_links":{"self":[{"href":"https:\/\/www.balliuexport.com\/fr\/wp-json\/wp\/v2\/product\/70156","targetHints":{"allow":["GET"]}}],"collection":[{"href":"https:\/\/www.balliuexport.com\/fr\/wp-json\/wp\/v2\/product"}],"about":[{"href":"https:\/\/www.balliuexport.com\/fr\/wp-json\/wp\/v2\/types\/product"}],"wp:featuredmedia":[{"embeddable":true,"href":"https:\/\/www.balliuexport.com\/fr\/wp-json\/wp\/v2\/media\/70153"}],"wp:attachment":[{"href":"https:\/\/www.balliuexport.com\/fr\/wp-json\/wp\/v2\/media?parent=70156"}],"wp:term":[{"taxonomy":"product_brand","embeddable":true,"href":"https:\/\/www.balliuexport.com\/fr\/wp-json\/wp\/v2\/product_brand?post=70156"},{"taxonomy":"product_cat","embeddable":true,"href":"https:\/\/www.balliuexport.com\/fr\/wp-json\/wp\/v2\/product_cat?post=70156"},{"taxonomy":"product_tag","embeddable":true,"href":"https:\/\/www.balliuexport.com\/fr\/wp-json\/wp\/v2\/product_tag?post=70156"}],"curies":[{"name":"wp","href":"https:\/\/api.w.org\/{rel}","templated":true}]}}