{"id":70172,"date":"2026-02-09T14:07:53","date_gmt":"2026-02-09T13:07:53","guid":{"rendered":"https:\/\/www.balliuexport.com\/producto\/ensemble-cannes\/"},"modified":"2026-02-09T14:07:53","modified_gmt":"2026-02-09T13:07:53","slug":"ensemble-cannes","status":"publish","type":"product","link":"https:\/\/www.balliuexport.com\/fr\/produit\/ensemble-cannes\/","title":{"rendered":"Ensemble Cannes"},"content":{"rendered":"<p data-start=\"373\" data-end=\"714\"><span style=\"color: #7a7a7a;\">Cet ensemble a \u00e9t\u00e9 con\u00e7u pour cr\u00e9er des espaces de d\u00e9tente ext\u00e9rieurs bien d\u00e9finis, o\u00f9 confort, fonctionnalit\u00e9 et qualit\u00e9 de fabrication vont de pair. Une proposition pens\u00e9e pour les espaces piscine, terrasses et zones bien-\u00eatre qui n\u00e9cessitent des solutions compactes, mais avec une sensation d&rsquo;utilisation compl\u00e8te et soign\u00e9e. La combinaison des <span style=\"color: #006eb7;\"><a style=\"color: #006eb7;\" href=\"https:\/\/www.balliuexport.com\/fr\/produit\/mini-chaise-longue-pliante-cannes\/\">mini-chaises longues Cannes<\/a><\/span> avec la <span style=\"color: #006eb7;\"><a style=\"color: #006eb7;\" href=\"https:\/\/www.balliuexport.com\/fr\/produit\/table-appoint-de-aluminium-olimpia\/\">table d&rsquo;appoint Olimpia<\/a><\/span> r\u00e9pond \u00e0 une logique claire d&rsquo;utilisation et de proportion. Les chaises longues d\u00e9finissent l&rsquo;espace de d\u00e9tente, tandis que la table d&rsquo;appoint sert d&rsquo;\u00e9l\u00e9ment de soutien naturel, apportant ordre et fonctionnalit\u00e9 sans rompre la puret\u00e9 visuelle de l&rsquo;ensemble. La coh\u00e9rence des mat\u00e9riaux, des hauteurs et du langage du design renforce le sentiment d&rsquo;un ensemble \u00e9quilibr\u00e9, con\u00e7u pour s&rsquo;int\u00e9grer facilement dans des environnements exigeants.    <\/span><\/p>\n<p data-start=\"1194\" data-end=\"1348\"><span style=\"color: #7a7a7a;\">Un ensemble bien con\u00e7u, qui privil\u00e9gie la qualit\u00e9, la durabilit\u00e9 et une exp\u00e9rience d&rsquo;utilisation confortable et ordonn\u00e9e dans les espaces ext\u00e9rieurs professionnels et r\u00e9sidentiels.<\/span><\/p>\n","protected":false},"excerpt":{"rendered":"<p>Cet ensemble a \u00e9t\u00e9 con\u00e7u pour cr\u00e9er des espaces de d\u00e9tente ext\u00e9rieurs bien d\u00e9finis, o\u00f9 confort, fonctionnalit\u00e9 et qualit\u00e9 de fabrication vont de pair. Une proposition pens\u00e9e pour les espaces piscine, terrasses et zones bien-\u00eatre qui n\u00e9cessitent des solutions compactes, mais avec une sensation d&rsquo;utilisation compl\u00e8te et soign\u00e9e. La combinaison des mini-chaises longues Cannes avec la table d&rsquo;appoint Olimpia r\u00e9pond\u2026<\/p>\n","protected":false},"featured_media":70165,"template":"","meta":{"_acf_changed":false},"product_brand":[],"product_cat":[775],"product_tag":[],"class_list":{"0":"post-70172","1":"product","2":"type-product","3":"status-publish","4":"has-post-thumbnail","6":"product_cat-ensembles-mobilier-exterieur","8":"first","9":"instock","10":"sale","11":"virtual","12":"taxable","13":"purchasable","14":"product-type-bundle"},"bundled_by":[],"bundle_stock_status":"instock","bundle_stock_quantity":"","bundle_virtual":false,"bundle_layout":"default","bundle_add_to_cart_form_location":"default","bundle_editable_in_cart":false,"bundle_sold_individually_context":"product","bundle_item_grouping":"parent","bundle_min_size":"","bundle_max_size":"","bundle_price":{"price":{"min":{"incl_tax":"640.2","excl_tax":"529.09"},"max":{"incl_tax":"640.2","excl_tax":"529.09"}},"regular_price":{"min":{"incl_tax":"673.9","excl_tax":"556.94"},"max":{"incl_tax":"673.9","excl_tax":"556.94"}}},"bundled_items":[{"bundled_item_id":216,"product_id":12766,"menu_order":0,"quantity_min":2,"quantity_max":2,"quantity_default":2,"priced_individually":true,"shipped_individually":false,"override_title":false,"title":"Chilliene Cannes","override_description":true,"description":"","optional":false,"hide_thumbnail":false,"discount":"5","override_variations":false,"allowed_variations":[""],"override_default_variation_attributes":false,"default_variation_attributes":[],"single_product_visibility":"visible","cart_visibility":"visible","order_visibility":"visible","single_product_price_visibility":"visible","cart_price_visibility":"visible","order_price_visibility":"visible","stock_status":"in_stock"},{"bundled_item_id":217,"product_id":7201,"menu_order":1,"quantity_min":1,"quantity_max":1,"quantity_default":1,"priced_individually":true,"shipped_individually":false,"override_title":false,"title":"Table d&#8217;appoint Olimpia","override_description":true,"description":"","optional":false,"hide_thumbnail":false,"discount":"5","override_variations":false,"allowed_variations":[""],"override_default_variation_attributes":false,"default_variation_attributes":[],"single_product_visibility":"visible","cart_visibility":"visible","order_visibility":"visible","single_product_price_visibility":"visible","cart_price_visibility":"visible","order_price_visibility":"visible","stock_status":"in_stock"}],"bundle_sell_ids":[],"acf":[],"_links":{"self":[{"href":"https:\/\/www.balliuexport.com\/fr\/wp-json\/wp\/v2\/product\/70172","targetHints":{"allow":["GET"]}}],"collection":[{"href":"https:\/\/www.balliuexport.com\/fr\/wp-json\/wp\/v2\/product"}],"about":[{"href":"https:\/\/www.balliuexport.com\/fr\/wp-json\/wp\/v2\/types\/product"}],"wp:featuredmedia":[{"embeddable":true,"href":"https:\/\/www.balliuexport.com\/fr\/wp-json\/wp\/v2\/media\/70165"}],"wp:attachment":[{"href":"https:\/\/www.balliuexport.com\/fr\/wp-json\/wp\/v2\/media?parent=70172"}],"wp:term":[{"taxonomy":"product_brand","embeddable":true,"href":"https:\/\/www.balliuexport.com\/fr\/wp-json\/wp\/v2\/product_brand?post=70172"},{"taxonomy":"product_cat","embeddable":true,"href":"https:\/\/www.balliuexport.com\/fr\/wp-json\/wp\/v2\/product_cat?post=70172"},{"taxonomy":"product_tag","embeddable":true,"href":"https:\/\/www.balliuexport.com\/fr\/wp-json\/wp\/v2\/product_tag?post=70172"}],"curies":[{"name":"wp","href":"https:\/\/api.w.org\/{rel}","templated":true}]}}