{"id":70216,"date":"2026-02-09T15:29:17","date_gmt":"2026-02-09T14:29:17","guid":{"rendered":"https:\/\/www.balliuexport.com\/producto\/ensemble-noa\/"},"modified":"2026-02-09T15:29:17","modified_gmt":"2026-02-09T14:29:17","slug":"ensemble-noa","status":"publish","type":"product","link":"https:\/\/www.balliuexport.com\/fr\/produit\/ensemble-noa\/","title":{"rendered":"Ensemble Noa"},"content":{"rendered":"<p data-start=\"614\" data-end=\"872\"><span style=\"color: #7a7a7a;\">Cet ensemble a \u00e9t\u00e9 con\u00e7u pour d\u00e9finir des espaces de d\u00e9tente ext\u00e9rieurs avec une esth\u00e9tique \u00e9pur\u00e9e et une logique d&rsquo;utilisation claire. Une proposition pens\u00e9e pour les environnements o\u00f9 le design, la r\u00e9sistance et la coh\u00e9rence formelle font partie int\u00e9grante de l&rsquo;exp\u00e9rience. La combinaison des <span style=\"color: #006eb7;\"><a href=\"https:\/\/www.balliuexport.com\/fr\/produit\/bain-de-soleil-noa\/\">chaises longues Noa<\/a><\/span> avec la <span style=\"color: #006eb7;\"><a style=\"color: #006eb7;\" href=\"https:\/\/www.balliuexport.com\/fr\/produit\/table-dappoint-en-resine-noa\/\">table d&rsquo;appoint Noa<\/a><\/span> de la m\u00eame collection cr\u00e9e une composition \u00e9quilibr\u00e9e et visuellement ordonn\u00e9e. La continuit\u00e9 des lignes, des proportions et des mat\u00e9riaux renforce la sensation d&rsquo;un ensemble solide et homog\u00e8ne, con\u00e7u pour s&rsquo;int\u00e9grer naturellement dans les espaces piscine, terrasses et zones de d\u00e9tente. La table d&rsquo;appoint sert d&rsquo;\u00e9l\u00e9ment de soutien fonctionnel, apportant une stabilit\u00e9 visuelle et compl\u00e9tant l&rsquo;espace sans nuire \u00e0 sa puret\u00e9 formelle.    <\/span><\/p>\n<p data-start=\"1371\" data-end=\"1540\"><span style=\"color: #7a7a7a;\">Une composition con\u00e7ue pour cr\u00e9er des espaces de repos ordonn\u00e9s, durables et visuellement coh\u00e9rents, o\u00f9 chaque \u00e9l\u00e9ment s&rsquo;ajoute et o\u00f9 l&rsquo;ensemble a un sens en soi.<\/span><\/p>\n","protected":false},"excerpt":{"rendered":"<p>Cet ensemble a \u00e9t\u00e9 con\u00e7u pour d\u00e9finir des espaces de d\u00e9tente ext\u00e9rieurs avec une esth\u00e9tique \u00e9pur\u00e9e et une logique d&rsquo;utilisation claire. Une proposition pens\u00e9e pour les environnements o\u00f9 le design, la r\u00e9sistance et la coh\u00e9rence formelle font partie int\u00e9grante de l&rsquo;exp\u00e9rience. La combinaison des chaises longues Noa avec la table d&rsquo;appoint Noa de la m\u00eame collection cr\u00e9e une composition \u00e9quilibr\u00e9e\u2026<\/p>\n","protected":false},"featured_media":70213,"template":"","meta":{"_acf_changed":false},"product_brand":[],"product_cat":[775],"product_tag":[],"class_list":{"0":"post-70216","1":"product","2":"type-product","3":"status-publish","4":"has-post-thumbnail","6":"product_cat-ensembles-mobilier-exterieur","8":"first","9":"instock","10":"sale","11":"virtual","12":"taxable","13":"purchasable","14":"product-type-bundle"},"bundled_by":[],"bundle_stock_status":"instock","bundle_stock_quantity":"","bundle_virtual":false,"bundle_layout":"default","bundle_add_to_cart_form_location":"default","bundle_editable_in_cart":false,"bundle_sold_individually_context":"product","bundle_item_grouping":"parent","bundle_min_size":"","bundle_max_size":"","bundle_price":{"price":{"min":{"incl_tax":"885.02","excl_tax":"731.43"},"max":{"incl_tax":"926.84","excl_tax":"765.98"}},"regular_price":{"min":{"incl_tax":"931.6","excl_tax":"769.92"},"max":{"incl_tax":"975.61","excl_tax":"806.29"}}},"bundled_items":[{"bundled_item_id":226,"product_id":56092,"menu_order":0,"quantity_min":1,"quantity_max":1,"quantity_default":1,"priced_individually":true,"shipped_individually":false,"override_title":false,"title":null,"override_description":false,"description":null,"optional":false,"hide_thumbnail":false,"discount":"5","override_variations":false,"allowed_variations":[""],"override_default_variation_attributes":false,"default_variation_attributes":[],"single_product_visibility":"visible","cart_visibility":"visible","order_visibility":"visible","single_product_price_visibility":"visible","cart_price_visibility":"visible","order_price_visibility":"visible","stock_status":"in_stock"},{"bundled_item_id":227,"product_id":23433,"menu_order":1,"quantity_min":2,"quantity_max":2,"quantity_default":2,"priced_individually":true,"shipped_individually":false,"override_title":false,"title":null,"override_description":false,"description":null,"optional":false,"hide_thumbnail":false,"discount":"5","override_variations":false,"allowed_variations":[""],"override_default_variation_attributes":false,"default_variation_attributes":[],"single_product_visibility":"visible","cart_visibility":"visible","order_visibility":"visible","single_product_price_visibility":"visible","cart_price_visibility":"visible","order_price_visibility":"visible","stock_status":"in_stock"}],"bundle_sell_ids":[],"acf":[],"_links":{"self":[{"href":"https:\/\/www.balliuexport.com\/fr\/wp-json\/wp\/v2\/product\/70216","targetHints":{"allow":["GET"]}}],"collection":[{"href":"https:\/\/www.balliuexport.com\/fr\/wp-json\/wp\/v2\/product"}],"about":[{"href":"https:\/\/www.balliuexport.com\/fr\/wp-json\/wp\/v2\/types\/product"}],"wp:featuredmedia":[{"embeddable":true,"href":"https:\/\/www.balliuexport.com\/fr\/wp-json\/wp\/v2\/media\/70213"}],"wp:attachment":[{"href":"https:\/\/www.balliuexport.com\/fr\/wp-json\/wp\/v2\/media?parent=70216"}],"wp:term":[{"taxonomy":"product_brand","embeddable":true,"href":"https:\/\/www.balliuexport.com\/fr\/wp-json\/wp\/v2\/product_brand?post=70216"},{"taxonomy":"product_cat","embeddable":true,"href":"https:\/\/www.balliuexport.com\/fr\/wp-json\/wp\/v2\/product_cat?post=70216"},{"taxonomy":"product_tag","embeddable":true,"href":"https:\/\/www.balliuexport.com\/fr\/wp-json\/wp\/v2\/product_tag?post=70216"}],"curies":[{"name":"wp","href":"https:\/\/api.w.org\/{rel}","templated":true}]}}