{"id":70248,"date":"2026-02-09T16:30:53","date_gmt":"2026-02-09T15:30:53","guid":{"rendered":"https:\/\/www.balliuexport.com\/producto\/etna-ensemble\/"},"modified":"2026-02-09T16:45:04","modified_gmt":"2026-02-09T15:45:04","slug":"ensemble-bains-de-soleil-etna","status":"publish","type":"product","link":"https:\/\/www.balliuexport.com\/fr\/produit\/ensemble-bains-de-soleil-etna\/","title":{"rendered":"Ensemble Etna"},"content":{"rendered":"<p data-start=\"167\" data-end=\"323\"><span style=\"color: #7a7a7a;\">Con\u00e7u pour une utilisation quotidienne en ext\u00e9rieur, cet ensemble comprend deux <span style=\"color: #006eb7;\"><a style=\"color: #006eb7;\" href=\"https:\/\/www.balliuexport.com\/fr\/produit\/bain-de-soleil-en-aluminium-etna\/\">bains de soleils Etna<\/a><\/span> et une <span style=\"color: #006eb7;\"><a style=\"color: #006eb7;\" href=\"https:\/\/www.balliuexport.com\/fr\/produit\/table-appoint-en-aluminium-etna\/\">table d&rsquo;appoint Etna<\/a><\/span> dans une composition pratique, confortable et bien proportionn\u00e9e. La combinaison de ces deux \u00e9l\u00e9ments cr\u00e9e une composition \u00e9quilibr\u00e9e et fonctionnelle, con\u00e7ue pour profiter de l&rsquo;ext\u00e9rieur avec confort et sans artifices. La table sert de support pratique et proche, s&rsquo;int\u00e9grant discr\u00e8tement et renfor\u00e7ant l&rsquo;impression d&rsquo;ensemble. La coh\u00e9rence des mat\u00e9riaux, des proportions et du design apporte une unit\u00e9 solide, agr\u00e9able \u00e0 l&rsquo;\u0153il et con\u00e7ue pour durer dans le temps.<\/span><\/p>\n<p data-start=\"724\" data-end=\"845\"><span style=\"color: #7a7a7a;\">Un ensemble confortable et coh\u00e9rent, con\u00e7u pour les ext\u00e9rieurs o\u00f9 le repos se vit dans le calme, la qualit\u00e9 et le sens pratique.<\/span><\/p>\n","protected":false},"excerpt":{"rendered":"<p>Con\u00e7u pour une utilisation quotidienne en ext\u00e9rieur, cet ensemble comprend deux bains de soleils Etna et une table d&rsquo;appoint Etna dans une composition pratique, confortable et bien proportionn\u00e9e. La combinaison de ces deux \u00e9l\u00e9ments cr\u00e9e une composition \u00e9quilibr\u00e9e et fonctionnelle, con\u00e7ue pour profiter de l&rsquo;ext\u00e9rieur avec confort et sans artifices. La table sert de support pratique et proche, s&rsquo;int\u00e9grant discr\u00e8tement\u2026<\/p>\n","protected":false},"featured_media":70237,"template":"","meta":{"_acf_changed":false},"product_brand":[],"product_cat":[775],"product_tag":[],"class_list":{"0":"post-70248","1":"product","2":"type-product","3":"status-publish","4":"has-post-thumbnail","6":"product_cat-ensembles-mobilier-exterieur","8":"first","9":"instock","10":"sale","11":"virtual","12":"taxable","13":"purchasable","14":"product-type-bundle"},"bundled_by":[],"bundle_stock_status":"instock","bundle_stock_quantity":100,"bundle_virtual":false,"bundle_layout":"default","bundle_add_to_cart_form_location":"default","bundle_editable_in_cart":false,"bundle_sold_individually_context":"product","bundle_item_grouping":"parent","bundle_min_size":"","bundle_max_size":"","bundle_price":{"price":{"min":{"incl_tax":"968.89","excl_tax":"800.74"},"max":{"incl_tax":"1060.23","excl_tax":"876.23"}},"regular_price":{"min":{"incl_tax":"1019.88","excl_tax":"842.88"},"max":{"incl_tax":"1116.03","excl_tax":"922.34"}}},"bundled_items":[{"bundled_item_id":242,"product_id":6604,"menu_order":0,"quantity_min":2,"quantity_max":2,"quantity_default":2,"priced_individually":true,"shipped_individually":false,"override_title":false,"title":"Bain de soleil Etna","override_description":true,"description":"Bain de soleil Etna","optional":false,"hide_thumbnail":false,"discount":"5","override_variations":false,"allowed_variations":[""],"override_default_variation_attributes":false,"default_variation_attributes":[],"single_product_visibility":"visible","cart_visibility":"visible","order_visibility":"visible","single_product_price_visibility":"visible","cart_price_visibility":"visible","order_price_visibility":"visible","stock_status":"in_stock"},{"bundled_item_id":243,"product_id":6525,"menu_order":1,"quantity_min":1,"quantity_max":1,"quantity_default":1,"priced_individually":true,"shipped_individually":false,"override_title":false,"title":"Table d&#8217;appoint Etna","override_description":true,"description":"Table d&#8217;appoint Etna","optional":false,"hide_thumbnail":false,"discount":"5","override_variations":false,"allowed_variations":[""],"override_default_variation_attributes":false,"default_variation_attributes":[],"single_product_visibility":"visible","cart_visibility":"visible","order_visibility":"visible","single_product_price_visibility":"visible","cart_price_visibility":"visible","order_price_visibility":"visible","stock_status":"in_stock"}],"bundle_sell_ids":[],"acf":[],"_links":{"self":[{"href":"https:\/\/www.balliuexport.com\/fr\/wp-json\/wp\/v2\/product\/70248","targetHints":{"allow":["GET"]}}],"collection":[{"href":"https:\/\/www.balliuexport.com\/fr\/wp-json\/wp\/v2\/product"}],"about":[{"href":"https:\/\/www.balliuexport.com\/fr\/wp-json\/wp\/v2\/types\/product"}],"wp:featuredmedia":[{"embeddable":true,"href":"https:\/\/www.balliuexport.com\/fr\/wp-json\/wp\/v2\/media\/70237"}],"wp:attachment":[{"href":"https:\/\/www.balliuexport.com\/fr\/wp-json\/wp\/v2\/media?parent=70248"}],"wp:term":[{"taxonomy":"product_brand","embeddable":true,"href":"https:\/\/www.balliuexport.com\/fr\/wp-json\/wp\/v2\/product_brand?post=70248"},{"taxonomy":"product_cat","embeddable":true,"href":"https:\/\/www.balliuexport.com\/fr\/wp-json\/wp\/v2\/product_cat?post=70248"},{"taxonomy":"product_tag","embeddable":true,"href":"https:\/\/www.balliuexport.com\/fr\/wp-json\/wp\/v2\/product_tag?post=70248"}],"curies":[{"name":"wp","href":"https:\/\/api.w.org\/{rel}","templated":true}]}}