{"id":70261,"date":"2026-02-10T10:19:13","date_gmt":"2026-02-10T09:19:13","guid":{"rendered":"https:\/\/www.balliuexport.com\/producto\/ensemble-bains-de-soleil-olimpia\/"},"modified":"2026-02-10T10:19:13","modified_gmt":"2026-02-10T09:19:13","slug":"ensemble-bains-de-soleil-olimpia","status":"publish","type":"product","link":"https:\/\/www.balliuexport.com\/fr\/produit\/ensemble-bains-de-soleil-olimpia\/","title":{"rendered":"Ensemble Olimpia"},"content":{"rendered":"<p data-start=\"993\" data-end=\"1200\"><span style=\"color: #7a7a7a;\">Con\u00e7u pour une utilisation quotidienne en ext\u00e9rieur, cet ensemble comprend deux <span style=\"color: #006eb7;\"><a style=\"color: #006eb7;\" href=\"https:\/\/www.balliuexport.com\/fr\/produit\/chaise-longue-a-roulettes-olimpia\/\">bains de soleil Olimpia<\/a><\/span> et une <span style=\"color: #006eb7;\"><a style=\"color: #006eb7;\" href=\"https:\/\/www.balliuexport.com\/fr\/produit\/table-appoint-de-aluminium-olimpia\/\">table d&rsquo;appoint Olimpia<\/a><\/span> dans une combinaison flexible, confortable et facile \u00e0 adapter \u00e0 diff\u00e9rents moments d&rsquo;utilisation. La relation entre les chaises longues et la table d&rsquo;appoint permet un repos confortable et naturel, sans imposer une disposition fixe. La table est l\u00e0 quand on en a besoin et s&rsquo;enl\u00e8ve quand on n&rsquo;en a plus besoin, apportant ainsi une fonctionnalit\u00e9 sans conditionner l&rsquo;utilisation ni la distribution. Cette libert\u00e9, associ\u00e9e \u00e0 une construction con\u00e7ue pour \u00eatre facilement d\u00e9plac\u00e9e, empil\u00e9e et r\u00e9organis\u00e9e, fait de cet ensemble une option particuli\u00e8rement pratique pour les ext\u00e9rieurs vivants et changeants.   <\/span><\/p>\n<p data-start=\"1641\" data-end=\"1778\"><span style=\"color: #7a7a7a;\">Une combinaison con\u00e7ue pour profiter du plein air avec confort, libert\u00e9 d&rsquo;utilisation et la tranquillit\u00e9 d&rsquo;esprit d&rsquo;un produit con\u00e7u pour durer.<\/span><\/p>\n","protected":false},"excerpt":{"rendered":"<p>Con\u00e7u pour une utilisation quotidienne en ext\u00e9rieur, cet ensemble comprend deux bains de soleil Olimpia et une table d&rsquo;appoint Olimpia dans une combinaison flexible, confortable et facile \u00e0 adapter \u00e0 diff\u00e9rents moments d&rsquo;utilisation. La relation entre les chaises longues et la table d&rsquo;appoint permet un repos confortable et naturel, sans imposer une disposition fixe. La table est l\u00e0 quand on\u2026<\/p>\n","protected":false},"featured_media":70258,"template":"","meta":{"_acf_changed":false},"product_brand":[],"product_cat":[775],"product_tag":[],"class_list":{"0":"post-70261","1":"product","2":"type-product","3":"status-publish","4":"has-post-thumbnail","6":"product_cat-ensembles-mobilier-exterieur","8":"first","9":"instock","10":"sale","11":"virtual","12":"taxable","13":"purchasable","14":"product-type-bundle"},"bundled_by":[],"bundle_stock_status":"instock","bundle_stock_quantity":"","bundle_virtual":false,"bundle_layout":"default","bundle_add_to_cart_form_location":"default","bundle_editable_in_cart":false,"bundle_sold_individually_context":"product","bundle_item_grouping":"parent","bundle_min_size":"","bundle_max_size":"","bundle_price":{"price":{"min":{"incl_tax":"1159.23","excl_tax":"958.04"},"max":{"incl_tax":"1258.24","excl_tax":"1039.87"}},"regular_price":{"min":{"incl_tax":"1220.24","excl_tax":"1008.46"},"max":{"incl_tax":"1324.47","excl_tax":"1094.6"}}},"bundled_items":[{"bundled_item_id":256,"product_id":6331,"menu_order":0,"quantity_min":2,"quantity_max":2,"quantity_default":2,"priced_individually":true,"shipped_individually":false,"override_title":false,"title":null,"override_description":false,"description":null,"optional":false,"hide_thumbnail":false,"discount":"5","override_variations":false,"allowed_variations":[""],"override_default_variation_attributes":false,"default_variation_attributes":[],"single_product_visibility":"visible","cart_visibility":"visible","order_visibility":"visible","single_product_price_visibility":"visible","cart_price_visibility":"visible","order_price_visibility":"visible","stock_status":"in_stock"},{"bundled_item_id":257,"product_id":7201,"menu_order":1,"quantity_min":1,"quantity_max":1,"quantity_default":1,"priced_individually":true,"shipped_individually":false,"override_title":false,"title":null,"override_description":false,"description":null,"optional":false,"hide_thumbnail":false,"discount":"5","override_variations":false,"allowed_variations":[""],"override_default_variation_attributes":false,"default_variation_attributes":[],"single_product_visibility":"visible","cart_visibility":"visible","order_visibility":"visible","single_product_price_visibility":"visible","cart_price_visibility":"visible","order_price_visibility":"visible","stock_status":"in_stock"}],"bundle_sell_ids":[],"acf":[],"_links":{"self":[{"href":"https:\/\/www.balliuexport.com\/fr\/wp-json\/wp\/v2\/product\/70261","targetHints":{"allow":["GET"]}}],"collection":[{"href":"https:\/\/www.balliuexport.com\/fr\/wp-json\/wp\/v2\/product"}],"about":[{"href":"https:\/\/www.balliuexport.com\/fr\/wp-json\/wp\/v2\/types\/product"}],"wp:featuredmedia":[{"embeddable":true,"href":"https:\/\/www.balliuexport.com\/fr\/wp-json\/wp\/v2\/media\/70258"}],"wp:attachment":[{"href":"https:\/\/www.balliuexport.com\/fr\/wp-json\/wp\/v2\/media?parent=70261"}],"wp:term":[{"taxonomy":"product_brand","embeddable":true,"href":"https:\/\/www.balliuexport.com\/fr\/wp-json\/wp\/v2\/product_brand?post=70261"},{"taxonomy":"product_cat","embeddable":true,"href":"https:\/\/www.balliuexport.com\/fr\/wp-json\/wp\/v2\/product_cat?post=70261"},{"taxonomy":"product_tag","embeddable":true,"href":"https:\/\/www.balliuexport.com\/fr\/wp-json\/wp\/v2\/product_tag?post=70261"}],"curies":[{"name":"wp","href":"https:\/\/api.w.org\/{rel}","templated":true}]}}