{"id":7123,"date":"2020-02-04T10:58:54","date_gmt":"2020-02-04T09:58:54","guid":{"rendered":"https:\/\/balliuexport.com\/producto\/agata\/"},"modified":"2026-02-18T12:35:44","modified_gmt":"2026-02-18T11:35:44","slug":"table-en-aluminium-agata-l","status":"publish","type":"product","link":"https:\/\/www.balliuexport.com\/fr\/produit\/table-en-aluminium-agata-l\/","title":{"rendered":"Table \u00c1gata L"},"content":{"rendered":"<p><iframe style=\"width: 1000px; height: 440px; overflow: hidden; border-radius: 8px;\" src=\"https:\/\/viewer.ienhance.co\/v\/app\/a02ffd4f-29a6-4d53-8a94-a3a89ebc259d\" frameborder=\"0\" allowfullscreen=\"allowfullscreen\"><span data-mce-type=\"bookmark\" style=\"display: inline-block; width: 0px; overflow: hidden; line-height: 0;\" class=\"mce_SELRES_start\"><\/span> <\/iframe><\/p>\n<p class=\"\" data-start=\"275\" data-end=\"703\"><span style=\"color: #7a7a7a;\">Con\u00e7ue pour offrir les meilleures performances en ext\u00e9rieur, la table \u00c1gata L pr\u00e9sente une structure qui allie robustesse et durabilit\u00e9 sans sacrifier une esth\u00e9tique \u00e9pur\u00e9e et professionnelle. Fabriqu\u00e9 avec un tube en aluminium tremp\u00e9 de 50 mm de diam\u00e8tre et de 2 mm d&rsquo;\u00e9paisseur, il garantit une grande r\u00e9sistance structurelle, id\u00e9ale pour une utilisation intensive. Les vis, fabriqu\u00e9es en acier inoxydable AISI 304, assurent une excellente protection contre la corrosion, m\u00eame en milieu marin. La finition de peinture en poudre \u00e0 base de r\u00e9sine polyester a \u00e9t\u00e9 sp\u00e9cialement formul\u00e9e pour r\u00e9sister \u00e0 l&rsquo;exposition au soleil et aux conditions ext\u00e9rieures les plus exigeantes. Cette peinture est conforme aux r\u00e9glementations europ\u00e9ennes CE 850\/2004, UE 519\/2012 et UE 2015\/2030, garantissant une solution s\u00fbre et durable. De plus, l&rsquo;ensemble est certifi\u00e9 selon les r\u00e9glementations EN-581-1:2017 et EN-581-2:2017, garantissant les normes de s\u00e9curit\u00e9 europ\u00e9ennes requises pour le mobilier d&rsquo;ext\u00e9rieur professionnel. <\/span><\/p>\n<p><span style=\"color: #006eb7;\"><strong>*Assemblage requis*<\/strong><\/span><\/p>\n","protected":false},"excerpt":{"rendered":"<p>Table avec profil\u00e9 en aluminium tremp\u00e9.<\/p>\n","protected":false},"featured_media":57827,"template":"","meta":{"_acf_changed":false},"product_brand":[],"product_cat":[2272,766,2230],"product_tag":[],"class_list":{"0":"post-7123","1":"product","2":"type-product","3":"status-publish","4":"has-post-thumbnail","6":"product_cat-meubles-exterieur-hotels","7":"product_cat-tables-pour-exterieur","8":"product_cat-tables-a-manger-dexterieur","10":"first","11":"instock","12":"taxable","13":"shipping-taxable","14":"purchasable","15":"product-type-variable"},"bundled_by":[],"bundle_stock_status":"instock","bundle_stock_quantity":null,"bundle_virtual":false,"bundle_layout":"","bundle_add_to_cart_form_location":"","bundle_editable_in_cart":false,"bundle_sold_individually_context":"","bundle_item_grouping":"","bundle_min_size":"","bundle_max_size":"","bundle_price":[],"bundled_items":[],"bundle_sell_ids":[],"acf":[],"_links":{"self":[{"href":"https:\/\/www.balliuexport.com\/fr\/wp-json\/wp\/v2\/product\/7123","targetHints":{"allow":["GET"]}}],"collection":[{"href":"https:\/\/www.balliuexport.com\/fr\/wp-json\/wp\/v2\/product"}],"about":[{"href":"https:\/\/www.balliuexport.com\/fr\/wp-json\/wp\/v2\/types\/product"}],"wp:featuredmedia":[{"embeddable":true,"href":"https:\/\/www.balliuexport.com\/fr\/wp-json\/wp\/v2\/media\/57827"}],"wp:attachment":[{"href":"https:\/\/www.balliuexport.com\/fr\/wp-json\/wp\/v2\/media?parent=7123"}],"wp:term":[{"taxonomy":"product_brand","embeddable":true,"href":"https:\/\/www.balliuexport.com\/fr\/wp-json\/wp\/v2\/product_brand?post=7123"},{"taxonomy":"product_cat","embeddable":true,"href":"https:\/\/www.balliuexport.com\/fr\/wp-json\/wp\/v2\/product_cat?post=7123"},{"taxonomy":"product_tag","embeddable":true,"href":"https:\/\/www.balliuexport.com\/fr\/wp-json\/wp\/v2\/product_tag?post=7123"}],"curies":[{"name":"wp","href":"https:\/\/api.w.org\/{rel}","templated":true}]}}