{"id":7132,"date":"2020-02-04T10:55:36","date_gmt":"2020-02-04T09:55:36","guid":{"rendered":"https:\/\/balliuexport.com\/producto\/agata-2\/"},"modified":"2025-12-01T12:07:17","modified_gmt":"2025-12-01T11:07:17","slug":"table-en-aluminium-agata","status":"publish","type":"product","link":"https:\/\/www.balliuexport.com\/fr\/produit\/table-en-aluminium-agata\/","title":{"rendered":"Table \u00c1gata"},"content":{"rendered":"<p><iframe style=\"width: 1000px; height: 440px; overflow: hidden; border-radius: 8px;\" src=\"https:\/\/viewer.ienhance.co\/v\/app\/3e4a6e8c-0dbc-41f5-8bea-516a342270fd\" frameborder=\"0\" allowfullscreen=\"allowfullscreen\"><span data-mce-type=\"bookmark\" style=\"display: inline-block; width: 0px; overflow: hidden; line-height: 0;\" class=\"mce_SELRES_start\"><\/span> <\/iframe><\/p>\n<div style=\"font-family: Gilroy, Arial, sans-serif; font-size: 17.5px; line-height: 1.5; margin: 5px 0; text-align: justify;\"><span style=\"color: #006eb7;\"><strong>Table Agata : <\/strong><span style=\"color: #7a7a7a;\">Con\u00e7ue pour se d\u00e9marquer dans n&rsquo;importe quel espace, cette<\/span> <strong>table<\/strong> <span style=\"color: #7a7a7a;\">allie durabilit\u00e9, fonctionnalit\u00e9 et \u00e9l\u00e9gance. Son profil\u00e9 est fabriqu\u00e9 \u00e0 partir d&rsquo;un tube en aluminium tremp\u00e9, garantissant une structure robuste et l\u00e9g\u00e8re. Le plateau, compos\u00e9 de profil\u00e9s en aluminium soud\u00e9s, offre une finition solide et moderne, id\u00e9ale pour l&rsquo;ext\u00e9rieur et l&rsquo;int\u00e9rieur.  <\/span><\/span><br \/>\n<span style=\"color: #7a7a7a;\">La base en acier ajoute stabilit\u00e9 et r\u00e9sistance, tandis que le rev\u00eatement en poudre de r\u00e9sine polyester assure une protection exceptionnelle contre les intemp\u00e9ries et une haute r\u00e9sistance \u00e0 la d\u00e9coloration du soleil.<\/span><br \/>\n<span style=\"color: #7a7a7a;\"><em>Remarque<\/em> : ce mod\u00e8le n\u00e9cessite un assemblage, mais sa conception intuitive facilite le processus et garantit qu&rsquo;il est pr\u00eat \u00e0 l&#8217;emploi rapidement.<\/span><\/div>\n","protected":false},"excerpt":{"rendered":"<p>Table avec profil\u00e9 en aluminium tremp\u00e9.<\/p>\n","protected":false},"featured_media":10350,"template":"","meta":{"_acf_changed":false},"product_brand":[],"product_cat":[2711,2575,2262,766,2230],"product_tag":[],"class_list":{"0":"post-7132","1":"product","2":"type-product","3":"status-publish","4":"has-post-thumbnail","6":"product_cat-mobilier-pour-parcs-aquatiques","7":"product_cat-nos-points-forts","8":"product_cat-mobilier-de-patio-moderne","9":"product_cat-tables-pour-exterieur","10":"product_cat-tables-a-manger-dexterieur","12":"first","13":"instock","14":"taxable","15":"shipping-taxable","16":"purchasable","17":"product-type-variable"},"bundled_by":["25074"],"bundle_stock_status":"instock","bundle_stock_quantity":null,"bundle_virtual":false,"bundle_layout":"","bundle_add_to_cart_form_location":"","bundle_editable_in_cart":false,"bundle_sold_individually_context":"","bundle_item_grouping":"","bundle_min_size":"","bundle_max_size":"","bundle_price":[],"bundled_items":[],"bundle_sell_ids":[],"acf":[],"_links":{"self":[{"href":"https:\/\/www.balliuexport.com\/fr\/wp-json\/wp\/v2\/product\/7132","targetHints":{"allow":["GET"]}}],"collection":[{"href":"https:\/\/www.balliuexport.com\/fr\/wp-json\/wp\/v2\/product"}],"about":[{"href":"https:\/\/www.balliuexport.com\/fr\/wp-json\/wp\/v2\/types\/product"}],"wp:featuredmedia":[{"embeddable":true,"href":"https:\/\/www.balliuexport.com\/fr\/wp-json\/wp\/v2\/media\/10350"}],"wp:attachment":[{"href":"https:\/\/www.balliuexport.com\/fr\/wp-json\/wp\/v2\/media?parent=7132"}],"wp:term":[{"taxonomy":"product_brand","embeddable":true,"href":"https:\/\/www.balliuexport.com\/fr\/wp-json\/wp\/v2\/product_brand?post=7132"},{"taxonomy":"product_cat","embeddable":true,"href":"https:\/\/www.balliuexport.com\/fr\/wp-json\/wp\/v2\/product_cat?post=7132"},{"taxonomy":"product_tag","embeddable":true,"href":"https:\/\/www.balliuexport.com\/fr\/wp-json\/wp\/v2\/product_tag?post=7132"}],"curies":[{"name":"wp","href":"https:\/\/api.w.org\/{rel}","templated":true}]}}