{"id":7153,"date":"2020-02-04T10:49:19","date_gmt":"2020-02-04T09:49:19","guid":{"rendered":"https:\/\/balliuexport.com\/producto\/nora\/"},"modified":"2025-12-01T11:55:27","modified_gmt":"2025-12-01T10:55:27","slug":"table-en-aluminium-nora","status":"publish","type":"product","link":"https:\/\/www.balliuexport.com\/fr\/produit\/table-en-aluminium-nora\/","title":{"rendered":"Table Nora"},"content":{"rendered":"<h2 data-start=\"203\" data-end=\"249\"><span style=\"color: #006eb7;\"><strong data-start=\"203\" data-end=\"249\">Nora : des formes organiques avec une \u00e2me r\u00e9siliente<\/strong><\/span><\/h2>\n<p class=\"\" data-start=\"251\" data-end=\"543\"><span style=\"color: #7a7a7a;\">La table Nora allie <strong>design<\/strong> et <span style=\"color: #006eb7;\"><strong>fonctionnalit\u00e9 <\/strong><\/span>dans une pi\u00e8ce aux lignes \u00e9pur\u00e9es et au caract\u00e8re technique. Son cadre et son plateau en aluminium tremp\u00e9, associ\u00e9s \u00e0 une base en acier et \u00e0 une quincaillerie en acier inoxydable, garantissent des performances \u00e9lev\u00e9es dans des environnements int\u00e9rieurs et ext\u00e9rieurs exigeants. La finition textur\u00e9e met en valeur la puret\u00e9 du mat\u00e9riau et ajoute une touche distinctive qui rehausse sa pr\u00e9sence esth\u00e9tique. Gr\u00e2ce \u00e0 ses capuchons r\u00e9glables, Nora s&rsquo;adapte pr\u00e9cis\u00e9ment aux surfaces irr\u00e9guli\u00e8res, garantissant ainsi une stabilit\u00e9 \u00e0 tout moment. L\u00e9g\u00e8re, solide et avec une silhouette contemporaine, elle <span style=\"color: #006eb7;\"><strong data-start=\"840\" data-end=\"940\">est le choix id\u00e9al pour ceux qui recherchent une table avec de la personnalit\u00e9 et des performances techniques \u00e9lev\u00e9es.<\/strong><\/span><\/span><\/p>\n","protected":false},"excerpt":{"rendered":"<p>Table avec profil\u00e9 en aluminium tremp\u00e9. Id\u00e9al pour l&rsquo;ext\u00e9rieur<\/p>\n","protected":false},"featured_media":10354,"template":"","meta":{"_acf_changed":false},"product_brand":[],"product_cat":[2272,766],"product_tag":[],"class_list":{"0":"post-7153","1":"product","2":"type-product","3":"status-publish","4":"has-post-thumbnail","6":"product_cat-meubles-exterieur-hotels","7":"product_cat-tables-pour-exterieur","9":"first","10":"instock","11":"taxable","12":"shipping-taxable","13":"purchasable","14":"product-type-variable"},"bundled_by":["41482"],"bundle_stock_status":"instock","bundle_stock_quantity":null,"bundle_virtual":false,"bundle_layout":"","bundle_add_to_cart_form_location":"","bundle_editable_in_cart":false,"bundle_sold_individually_context":"","bundle_item_grouping":"","bundle_min_size":"","bundle_max_size":"","bundle_price":[],"bundled_items":[],"bundle_sell_ids":[],"acf":[],"_links":{"self":[{"href":"https:\/\/www.balliuexport.com\/fr\/wp-json\/wp\/v2\/product\/7153","targetHints":{"allow":["GET"]}}],"collection":[{"href":"https:\/\/www.balliuexport.com\/fr\/wp-json\/wp\/v2\/product"}],"about":[{"href":"https:\/\/www.balliuexport.com\/fr\/wp-json\/wp\/v2\/types\/product"}],"wp:featuredmedia":[{"embeddable":true,"href":"https:\/\/www.balliuexport.com\/fr\/wp-json\/wp\/v2\/media\/10354"}],"wp:attachment":[{"href":"https:\/\/www.balliuexport.com\/fr\/wp-json\/wp\/v2\/media?parent=7153"}],"wp:term":[{"taxonomy":"product_brand","embeddable":true,"href":"https:\/\/www.balliuexport.com\/fr\/wp-json\/wp\/v2\/product_brand?post=7153"},{"taxonomy":"product_cat","embeddable":true,"href":"https:\/\/www.balliuexport.com\/fr\/wp-json\/wp\/v2\/product_cat?post=7153"},{"taxonomy":"product_tag","embeddable":true,"href":"https:\/\/www.balliuexport.com\/fr\/wp-json\/wp\/v2\/product_tag?post=7153"}],"curies":[{"name":"wp","href":"https:\/\/api.w.org\/{rel}","templated":true}]}}