{"id":7181,"date":"2020-02-04T10:34:09","date_gmt":"2020-02-04T09:34:09","guid":{"rendered":"https:\/\/balliuexport.com\/producto\/capri-double\/"},"modified":"2025-11-28T15:30:11","modified_gmt":"2025-11-28T14:30:11","slug":"table-en-aluminium-capri-double","status":"publish","type":"product","link":"https:\/\/www.balliuexport.com\/fr\/produit\/table-en-aluminium-capri-double\/","title":{"rendered":"Table Capri double"},"content":{"rendered":"<h2 data-start=\"307\" data-end=\"364\"><span style=\"color: #006eb7;\"><strong data-start=\"307\" data-end=\"364\">Capri Double : structure renforc\u00e9e, caract\u00e8re impeccable<\/strong><\/span><\/h2>\n<p class=\"\" data-start=\"366\" data-end=\"607\"><span style=\"color: #7a7a7a;\">Dise\u00f1ada para quienes buscan m\u00e1s sin renunciar al<span style=\"color: #006eb7;\"> <strong>estilo<\/strong><\/span>, la mesa Capri Doble ampl\u00eda las prestaciones del modelo original con una estructura reforzada de doble soporte, aportando mayor comodidad, estabilidad y presencia en cualquier entorno. Su fabricaci\u00f3n en aluminio endurecido con torniller\u00eda en acero inoxidable garantiza un alto rendimiento en exteriores, incluso ante un uso intensivo. El tablero en HPL, resistente y duradero, soporta la humedad, el calor y el desgaste sin perder elegancia.<\/span><\/p>\n<p class=\"\" data-start=\"868\" data-end=\"1193\"><span style=\"color: #7a7a7a;\">La finition bross\u00e9e rehausse le profil moderne du meuble, tandis que les <span style=\"color: #006eb7;\"><strong>embouts r\u00e9glables<\/strong><\/span> des pieds permettent un ajustement pr\u00e9cis sur les sols in\u00e9gaux. Disponible en varios formatos, Capri Doble es la soluci\u00f3n robusta y estilizada para proyectos donde el <span style=\"color: #006eb7;\"> <strong>espacio y la funcionalidad importan tanto como el dise\u00f1o<\/strong> <\/span>.<\/span><\/p>\n","protected":false},"excerpt":{"rendered":"<p>Table debout double en aluminium et panneau HPL.<\/p>\n","protected":false},"featured_media":10370,"template":"","meta":{"_acf_changed":false},"product_brand":[],"product_cat":[766,2230],"product_tag":[],"class_list":{"0":"post-7181","1":"product","2":"type-product","3":"status-publish","4":"has-post-thumbnail","6":"product_cat-tables-pour-exterieur","7":"product_cat-tables-a-manger-dexterieur","9":"first","10":"instock","11":"taxable","12":"shipping-taxable","13":"purchasable","14":"product-type-variable"},"bundled_by":[],"bundle_stock_status":"instock","bundle_stock_quantity":null,"bundle_virtual":false,"bundle_layout":"","bundle_add_to_cart_form_location":"","bundle_editable_in_cart":false,"bundle_sold_individually_context":"","bundle_item_grouping":"","bundle_min_size":"","bundle_max_size":"","bundle_price":[],"bundled_items":[],"bundle_sell_ids":[],"acf":[],"_links":{"self":[{"href":"https:\/\/www.balliuexport.com\/fr\/wp-json\/wp\/v2\/product\/7181","targetHints":{"allow":["GET"]}}],"collection":[{"href":"https:\/\/www.balliuexport.com\/fr\/wp-json\/wp\/v2\/product"}],"about":[{"href":"https:\/\/www.balliuexport.com\/fr\/wp-json\/wp\/v2\/types\/product"}],"wp:featuredmedia":[{"embeddable":true,"href":"https:\/\/www.balliuexport.com\/fr\/wp-json\/wp\/v2\/media\/10370"}],"wp:attachment":[{"href":"https:\/\/www.balliuexport.com\/fr\/wp-json\/wp\/v2\/media?parent=7181"}],"wp:term":[{"taxonomy":"product_brand","embeddable":true,"href":"https:\/\/www.balliuexport.com\/fr\/wp-json\/wp\/v2\/product_brand?post=7181"},{"taxonomy":"product_cat","embeddable":true,"href":"https:\/\/www.balliuexport.com\/fr\/wp-json\/wp\/v2\/product_cat?post=7181"},{"taxonomy":"product_tag","embeddable":true,"href":"https:\/\/www.balliuexport.com\/fr\/wp-json\/wp\/v2\/product_tag?post=7181"}],"curies":[{"name":"wp","href":"https:\/\/api.w.org\/{rel}","templated":true}]}}