{"id":7186,"date":"2020-02-04T10:17:05","date_gmt":"2020-02-04T09:17:05","guid":{"rendered":"https:\/\/balliuexport.com\/producto\/capri\/"},"modified":"2025-11-28T15:12:07","modified_gmt":"2025-11-28T14:12:07","slug":"table-en-aluminium-capri","status":"publish","type":"product","link":"https:\/\/www.balliuexport.com\/fr\/produit\/table-en-aluminium-capri\/","title":{"rendered":"Table Capri"},"content":{"rendered":"<p><iframe style=\"width: 1000px; height: 440px; overflow: hidden; border-radius: 8px;\" src=\"https:\/\/viewer.ienhance.co\/v\/app\/929b6dc9-9c21-45e4-93a8-1e146c3ca767\" frameborder=\"0\" allowfullscreen=\"allowfullscreen\"><span data-mce-type=\"bookmark\" style=\"display: inline-block; width: 0px; overflow: hidden; line-height: 0;\" class=\"mce_SELRES_start\"><\/span> <\/iframe><\/p>\n<h2 data-start=\"179\" data-end=\"232\"><span style=\"color: #006eb7;\"><strong data-start=\"179\" data-end=\"232\">Capri : \u00e9quilibre entre pr\u00e9sence et fonctionnalit\u00e9<\/strong><\/span><\/h2>\n<p class=\"\" data-start=\"234\" data-end=\"559\"><span style=\"color: #7a7a7a;\">The Capri table stands out for its refined silhouette and robust construction, designed for professional environments where design and durability must coexist. Its hardened aluminum frame, with stainless steel hardware, offers outstanding resistance to intensive use and outdoor conditions. The brushed finish provides a sophisticated and contemporary aesthetic, while the HPL tabletop guarantees a <g id=\"gid_0\"><g id=\"gid_1\">solid<\/g><\/g>, <g id=\"gid_2\"><g id=\"gid_3\">durable<\/g><\/g>, and easy-to-maintain surface. It includes leg caps to improve <span style=\"color: #006eb7;\"><strong>stability<\/strong><\/span>, even on uneven floors.<span style=\"color: #006eb7;\"><strong> A rounded HPL tabletop version is also available.<\/strong><\/span>   <\/span><\/p>\n<p class=\"\" data-start=\"817\" data-end=\"1029\"><span style=\"color: #7a7a7a;\">Disponible en plusieurs tailles et en version circulaire, <span style=\"color: #006eb7;\">Capri s&rsquo;int\u00e8gre naturellement dans diff\u00e9rentes configurations<\/span> et compl\u00e8te parfaitement les <span style=\"color: #006eb7;\"><a style=\"color: #006eb7;\" href=\"https:\/\/www.balliuexport.com\/?s=capri&amp;post_type=product\"><strong>autres mod\u00e8les<\/strong><\/a><\/span> de la m\u00eame collection, offrant polyvalence sans sacrifier la coh\u00e9rence esth\u00e9tique.<\/span><\/p>\n","protected":false},"excerpt":{"rendered":"<p>Simple standing table made of aluminum and HPL board.<\/p>\n","protected":false},"featured_media":10378,"template":"","meta":{"_acf_changed":false},"product_brand":[],"product_cat":[766,2230],"product_tag":[],"class_list":{"0":"post-7186","1":"product","2":"type-product","3":"status-publish","4":"has-post-thumbnail","6":"product_cat-tables-pour-exterieur","7":"product_cat-tables-a-manger-dexterieur","9":"first","10":"instock","11":"taxable","12":"shipping-taxable","13":"purchasable","14":"product-type-variable"},"bundled_by":[],"bundle_stock_status":"instock","bundle_stock_quantity":null,"bundle_virtual":false,"bundle_layout":"","bundle_add_to_cart_form_location":"","bundle_editable_in_cart":false,"bundle_sold_individually_context":"","bundle_item_grouping":"","bundle_min_size":"","bundle_max_size":"","bundle_price":[],"bundled_items":[],"bundle_sell_ids":[],"acf":[],"_links":{"self":[{"href":"https:\/\/www.balliuexport.com\/fr\/wp-json\/wp\/v2\/product\/7186","targetHints":{"allow":["GET"]}}],"collection":[{"href":"https:\/\/www.balliuexport.com\/fr\/wp-json\/wp\/v2\/product"}],"about":[{"href":"https:\/\/www.balliuexport.com\/fr\/wp-json\/wp\/v2\/types\/product"}],"wp:featuredmedia":[{"embeddable":true,"href":"https:\/\/www.balliuexport.com\/fr\/wp-json\/wp\/v2\/media\/10378"}],"wp:attachment":[{"href":"https:\/\/www.balliuexport.com\/fr\/wp-json\/wp\/v2\/media?parent=7186"}],"wp:term":[{"taxonomy":"product_brand","embeddable":true,"href":"https:\/\/www.balliuexport.com\/fr\/wp-json\/wp\/v2\/product_brand?post=7186"},{"taxonomy":"product_cat","embeddable":true,"href":"https:\/\/www.balliuexport.com\/fr\/wp-json\/wp\/v2\/product_cat?post=7186"},{"taxonomy":"product_tag","embeddable":true,"href":"https:\/\/www.balliuexport.com\/fr\/wp-json\/wp\/v2\/product_tag?post=7186"}],"curies":[{"name":"wp","href":"https:\/\/api.w.org\/{rel}","templated":true}]}}