{"id":7221,"date":"2020-02-03T16:43:45","date_gmt":"2020-02-03T15:43:45","guid":{"rendered":"https:\/\/balliuexport.com\/producto\/eva-pro-mini\/"},"modified":"2026-02-10T10:41:20","modified_gmt":"2026-02-10T09:41:20","slug":"table-dappoint-eva-pro","status":"publish","type":"product","link":"https:\/\/www.balliuexport.com\/fr\/produit\/table-dappoint-eva-pro\/","title":{"rendered":"Table d&rsquo;appoint Eva Pro Mini"},"content":{"rendered":"<p><iframe style=\"width: 1000px; height: 440px; overflow: hidden; border-radius: 8px;\" src=\"https:\/\/viewer.ienhance.co\/v\/app\/ee985bbb-6958-4e66-97cd-35ba81e48434\" frameborder=\"0\" allowfullscreen=\"allowfullscreen\"><span data-mce-type=\"bookmark\" style=\"display: inline-block; width: 0px; overflow: hidden; line-height: 0;\" class=\"mce_SELRES_start\"><\/span> <\/iframe><\/p>\n<h2 data-start=\"165\" data-end=\"224\"><span style=\"color: #006eb7;\"><strong data-start=\"165\" data-end=\"224\">Eva pro mini: minimalisme fonctionnel dans un format compact<\/strong><\/span><\/h2>\n<p class=\"\" data-start=\"226\" data-end=\"495\"><span style=\"color: #7a7a7a;\">Con\u00e7ue pour compl\u00e9ter naturellement les espaces ext\u00e9rieurs, la table d&rsquo;appoint Eva Pro Mini se distingue par sa structure en r\u00e9sine de polypropyl\u00e8ne renforc\u00e9e de charge min\u00e9rale, lui conf\u00e9rant une <span style=\"color: #006eb7;\"><strong>excelent r\u00e9sistance<\/strong> et<\/span><span style=\"color: #006eb7;\"> <strong>l\u00e9g\u00e8ret\u00e9<\/strong><\/span> m\u00eame dans des environnements d&rsquo;utilisation intensive. Sa surface plane, ses bords arrondis et sa finition mate textur\u00e9e rehaussent une esth\u00e9tique \u00e9pur\u00e9e et contemporaine, en accord avec un design con\u00e7u pour s&rsquo;int\u00e9grer sans effort.<span style=\"color: #006eb7;\"> <strong>Empilable<\/strong> et<\/span> <span style=\"color: #006eb7;\"><strong>pratique<\/strong> <\/span>, il est le compagnon id\u00e9al de la<a href=\"https:\/\/www.balliuexport.com\/fr\/producto\/baindesoleil-en-resine-evapro\/\"> <span style=\"color: #006eb7;\"><strong> chaise longue Eva Pro<\/strong><\/span> <\/a>, offrant fonctionnalit\u00e9 et style discret et harmonieux.<\/span><\/p>\n","protected":false},"excerpt":{"rendered":"<p>Table d&rsquo;appoint en r\u00e9sine polypropyl\u00e8ne.<\/p>\n","protected":false},"featured_media":70540,"template":"","meta":{"_acf_changed":false},"product_brand":[],"product_cat":[2250,3077,3253],"product_tag":[],"class_list":{"0":"post-7221","1":"product","2":"type-product","3":"status-publish","4":"has-post-thumbnail","6":"product_cat-mobilier-de-piscine-balliu","7":"product_cat-tables-dappoint","8":"product_cat-tables-en-resine","10":"first","11":"instock","12":"taxable","13":"shipping-taxable","14":"purchasable","15":"product-type-variable"},"bundled_by":["70287"],"bundle_stock_status":"instock","bundle_stock_quantity":null,"bundle_virtual":false,"bundle_layout":"","bundle_add_to_cart_form_location":"","bundle_editable_in_cart":false,"bundle_sold_individually_context":"","bundle_item_grouping":"","bundle_min_size":"","bundle_max_size":"","bundle_price":[],"bundled_items":[],"bundle_sell_ids":[],"acf":[],"_links":{"self":[{"href":"https:\/\/www.balliuexport.com\/fr\/wp-json\/wp\/v2\/product\/7221","targetHints":{"allow":["GET"]}}],"collection":[{"href":"https:\/\/www.balliuexport.com\/fr\/wp-json\/wp\/v2\/product"}],"about":[{"href":"https:\/\/www.balliuexport.com\/fr\/wp-json\/wp\/v2\/types\/product"}],"wp:featuredmedia":[{"embeddable":true,"href":"https:\/\/www.balliuexport.com\/fr\/wp-json\/wp\/v2\/media\/70540"}],"wp:attachment":[{"href":"https:\/\/www.balliuexport.com\/fr\/wp-json\/wp\/v2\/media?parent=7221"}],"wp:term":[{"taxonomy":"product_brand","embeddable":true,"href":"https:\/\/www.balliuexport.com\/fr\/wp-json\/wp\/v2\/product_brand?post=7221"},{"taxonomy":"product_cat","embeddable":true,"href":"https:\/\/www.balliuexport.com\/fr\/wp-json\/wp\/v2\/product_cat?post=7221"},{"taxonomy":"product_tag","embeddable":true,"href":"https:\/\/www.balliuexport.com\/fr\/wp-json\/wp\/v2\/product_tag?post=7221"}],"curies":[{"name":"wp","href":"https:\/\/api.w.org\/{rel}","templated":true}]}}