{"id":7238,"date":"2020-02-03T16:41:00","date_gmt":"2020-02-03T15:41:00","guid":{"rendered":"https:\/\/balliuexport.com\/producto\/mini-prestige\/"},"modified":"2026-01-26T10:32:41","modified_gmt":"2026-01-26T09:32:41","slug":"table-appoint-mini-prestige","status":"publish","type":"product","link":"https:\/\/www.balliuexport.com\/fr\/produit\/table-appoint-mini-prestige\/","title":{"rendered":"Table d&rsquo;appoint Mini"},"content":{"rendered":"<h2 data-start=\"238\" data-end=\"287\"><span style=\"color: #006eb7;\"><strong data-start=\"238\" data-end=\"287\">Mini Table : petite par la taille, grande par les solutions<\/strong><\/span><\/h2>\n<p class=\"\" data-start=\"289\" data-end=\"509\"><span style=\"color: #7a7a7a;\">Ne sous-estimez pas sa taille : la table Mini est con\u00e7ue pour offrir des performances optimales. Sa structure, r\u00e9alis\u00e9e en r\u00e9sine de polypropyl\u00e8ne renforc\u00e9e de charge min\u00e9rale, allie<span style=\"color: #006eb7;\"><strong> r\u00e9sistance <\/strong><\/span>et <span style=\"color: #006eb7;\"><strong>l\u00e9g\u00e8ret\u00e9<\/strong><\/span> dans une pi\u00e8ce compacte capable de tout supporter. Avec de la place pour quatre verres et un <span style=\"color: #006eb7;\"><strong>syst\u00e8me de drainage int\u00e9gr\u00e9<\/strong><\/span>, cette table ne se contente pas de se placer c\u00f4te \u00e0 c\u00f4te ; il s&rsquo;adapte au rythme de votre journ\u00e9e. Avez-vous besoin d&rsquo;une surface compl\u00e8te ? Ajoutez des capuchons optionnels et transformez ses fonctionnalit\u00e9s en quelques secondes. Con\u00e7u pour se d\u00e9placer, s&#8217;empiler et s&rsquo;adapter, le Mini s&rsquo;associe parfaitement aux <span style=\"color: #006eb7;\"><a style=\"color: #006eb7;\" href=\"https:\/\/www.balliuexport.com\/fr\/produit\/bain-de-soleil-en-resine-carmen\/\"><strong>chaises longues Carmen<\/strong><\/a><\/span> et <span style=\"color: #006eb7;\"><a style=\"color: #006eb7;\" href=\"https:\/\/www.balliuexport.com\/fr\/produit\/chaise-longue-de-plage-lola\/\"><strong>Lola<\/strong><\/a><\/span>. C&rsquo;est le genre de meuble qui passe inaper\u00e7u&#8230; jusqu&rsquo;\u00e0 ce que vous en ayez besoin. Alors, vous ne pouvez pas vous en passer. <\/span><\/p>\n","protected":false},"excerpt":{"rendered":"<p>Table d&rsquo;appoint en r\u00e9sine polypropyl\u00e8ne.<\/p>\n","protected":false},"featured_media":70550,"template":"","meta":{"_acf_changed":false},"product_brand":[],"product_cat":[2250,3077,3253],"product_tag":[],"class_list":{"0":"post-7238","1":"product","2":"type-product","3":"status-publish","4":"has-post-thumbnail","6":"product_cat-mobilier-de-piscine-balliu","7":"product_cat-tables-dappoint","8":"product_cat-tables-en-resine","10":"first","11":"instock","12":"taxable","13":"shipping-taxable","14":"purchasable","15":"product-type-variable"},"bundled_by":[],"bundle_stock_status":"instock","bundle_stock_quantity":null,"bundle_virtual":false,"bundle_layout":"","bundle_add_to_cart_form_location":"","bundle_editable_in_cart":false,"bundle_sold_individually_context":"","bundle_item_grouping":"","bundle_min_size":"","bundle_max_size":"","bundle_price":[],"bundled_items":[],"bundle_sell_ids":[],"acf":[],"_links":{"self":[{"href":"https:\/\/www.balliuexport.com\/fr\/wp-json\/wp\/v2\/product\/7238","targetHints":{"allow":["GET"]}}],"collection":[{"href":"https:\/\/www.balliuexport.com\/fr\/wp-json\/wp\/v2\/product"}],"about":[{"href":"https:\/\/www.balliuexport.com\/fr\/wp-json\/wp\/v2\/types\/product"}],"wp:featuredmedia":[{"embeddable":true,"href":"https:\/\/www.balliuexport.com\/fr\/wp-json\/wp\/v2\/media\/70550"}],"wp:attachment":[{"href":"https:\/\/www.balliuexport.com\/fr\/wp-json\/wp\/v2\/media?parent=7238"}],"wp:term":[{"taxonomy":"product_brand","embeddable":true,"href":"https:\/\/www.balliuexport.com\/fr\/wp-json\/wp\/v2\/product_brand?post=7238"},{"taxonomy":"product_cat","embeddable":true,"href":"https:\/\/www.balliuexport.com\/fr\/wp-json\/wp\/v2\/product_cat?post=7238"},{"taxonomy":"product_tag","embeddable":true,"href":"https:\/\/www.balliuexport.com\/fr\/wp-json\/wp\/v2\/product_tag?post=7238"}],"curies":[{"name":"wp","href":"https:\/\/api.w.org\/{rel}","templated":true}]}}