{"id":7278,"date":"2020-02-03T16:21:20","date_gmt":"2020-02-03T15:21:20","guid":{"rendered":"https:\/\/balliuexport.com\/producto\/mila\/"},"modified":"2025-12-02T11:09:16","modified_gmt":"2025-12-02T10:09:16","slug":"chaise-en-aluminium-mila","status":"publish","type":"product","link":"https:\/\/www.balliuexport.com\/fr\/produit\/chaise-en-aluminium-mila\/","title":{"rendered":"Chaise Mila"},"content":{"rendered":"<h2><strong><span style=\"color: #006eb7;\">Mila : l\u00e0 o\u00f9 la l\u00e9g\u00e8ret\u00e9 rencontre le caract\u00e8re<\/span><\/strong><\/h2>\n<p><span style=\"color: #7a7a7a;\">La chaise Mila allie un profil moderne \u00e0 la fonctionnalit\u00e9 requise par les espaces professionnels. Sa structure en aluminium tremp\u00e9 et sa quincaillerie en acier inoxydable garantissent <g id=\"gid_0\"><g id=\"gid_1\">r\u00e9sistance<\/g><\/g> et <g id=\"gid_2\"><g id=\"gid_3\">durabilit\u00e9<\/g><\/g>, m\u00eame en cas d&rsquo;utilisation intensive. Avec des formes douces et arrondies, Mila est <g id=\"gid_4\"><g id=\"gid_5\">empilable, l\u00e9g\u00e8re <\/g><\/g>et <g id=\"gid_6\"><g id=\"gid_7\">pratique<\/g><\/g>. Con\u00e7us pour se d\u00e9placer librement et s&rsquo;adapter \u00e0 n&rsquo;importe quel environnement, les accoudoirs int\u00e9gr\u00e9s am\u00e9liorent l&rsquo;ergonomie, tandis que sa conception empilable facilite la gestion de l&rsquo;espace, essentielle dans les environnements dynamiques tels que les <strong><span style=\"color: #006eb7;\">terrasses<\/span>, les <span style=\"color: #006eb7;\">restaurants<\/span><\/strong> ou les <span style=\"color: #006eb7;\"><strong>h\u00f4tels.<\/strong><\/span>  <\/span><\/p>\n","protected":false},"excerpt":{"rendered":"<p>Chaise empilable r\u00e9alis\u00e9e en profil\u00e9 d&rsquo;aluminium.<\/p>\n<p>&nbsp;<\/p>\n","protected":false},"featured_media":10637,"template":"","meta":{"_acf_changed":false},"product_brand":[],"product_cat":[777,2226],"product_tag":[],"class_list":{"0":"post-7278","1":"product","2":"type-product","3":"status-publish","4":"has-post-thumbnail","6":"product_cat-chaises","7":"product_cat-chaises-dexterieur-pour-restaurants","9":"first","10":"instock","11":"taxable","12":"shipping-taxable","13":"purchasable","14":"product-type-variable"},"bundled_by":["24953","24953","25074"],"bundle_stock_status":"instock","bundle_stock_quantity":null,"bundle_virtual":false,"bundle_layout":"","bundle_add_to_cart_form_location":"","bundle_editable_in_cart":false,"bundle_sold_individually_context":"","bundle_item_grouping":"","bundle_min_size":"","bundle_max_size":"","bundle_price":[],"bundled_items":[],"bundle_sell_ids":[],"acf":[],"_links":{"self":[{"href":"https:\/\/www.balliuexport.com\/fr\/wp-json\/wp\/v2\/product\/7278","targetHints":{"allow":["GET"]}}],"collection":[{"href":"https:\/\/www.balliuexport.com\/fr\/wp-json\/wp\/v2\/product"}],"about":[{"href":"https:\/\/www.balliuexport.com\/fr\/wp-json\/wp\/v2\/types\/product"}],"wp:featuredmedia":[{"embeddable":true,"href":"https:\/\/www.balliuexport.com\/fr\/wp-json\/wp\/v2\/media\/10637"}],"wp:attachment":[{"href":"https:\/\/www.balliuexport.com\/fr\/wp-json\/wp\/v2\/media?parent=7278"}],"wp:term":[{"taxonomy":"product_brand","embeddable":true,"href":"https:\/\/www.balliuexport.com\/fr\/wp-json\/wp\/v2\/product_brand?post=7278"},{"taxonomy":"product_cat","embeddable":true,"href":"https:\/\/www.balliuexport.com\/fr\/wp-json\/wp\/v2\/product_cat?post=7278"},{"taxonomy":"product_tag","embeddable":true,"href":"https:\/\/www.balliuexport.com\/fr\/wp-json\/wp\/v2\/product_tag?post=7278"}],"curies":[{"name":"wp","href":"https:\/\/api.w.org\/{rel}","templated":true}]}}