{"id":73059,"date":"2026-04-27T14:46:12","date_gmt":"2026-04-27T12:46:12","guid":{"rendered":"https:\/\/www.balliuexport.com\/?post_type=product&#038;p=73059"},"modified":"2026-04-27T15:25:39","modified_gmt":"2026-04-27T13:25:39","slug":"coussin-canape-etna","status":"publish","type":"product","link":"https:\/\/www.balliuexport.com\/fr\/produit\/coussin-canape-etna\/","title":{"rendered":"Coussin de canap\u00e9 Etna"},"content":{"rendered":"<p><span style=\"color: #7a7a7a;\">Coussin de remplacement pour le <\/span><span style=\"color: #006eb7;\"><a style=\"color: #006eb7;\" href=\"https:\/\/www.balliuexport.com\/fr\/produit\/sofa-etna\/\" target=\"_blank\" rel=\"noopener\"><strong>canap\u00e9 Etna<\/strong><\/a><span style=\"color: #7a7a7a;\">Le remplacement comprend le tissu<\/span> <strong>acrylique<\/strong><span style=\"color: #7a7a7a;\"> et sa mousse int\u00e9rieure<b>.<\/b><\/span><\/span><\/p>\n<p><span style=\"color: #7a7a7a;\">Tissu acrylique compos\u00e9 \u00e0 100 % de fibres acryliques teint\u00e9es dans la masse, qui emp\u00eache la condensation de la chaleur et de l&rsquo;humidit\u00e9. Protection antimicrobienne contre les odeurs, l&rsquo;humidit\u00e9, les moisissures et les taches. Traitement hydrofuge et ol\u00e9ofuge. R\u00e9sistant aux UV avec un indice de r\u00e9sistance de 7 sur 8.   <\/span><\/p>\n<p><span style=\"color: #7a7a7a;\">Compatible uniquement avec les mod\u00e8les originaux<\/span> <strong><span style=\"color: #006eb7;\">Balliu, <\/span><\/strong><span style=\"color: #7a7a7a;\">la pi\u00e8ce de rechange s&rsquo;adapte aux 3 versions du canap\u00e9 Etna.<\/span><\/p>\n<ul>\n<li><span style=\"color: #7a7a7a;\">Tissus<\/span> <span style=\"color: #7a7a7a;\">sont sp\u00e9cialement con\u00e7us pour r\u00e9sister \u00e0 une utilisation prolong\u00e9e et ont une grande r\u00e9sistance \u00e0 l&rsquo;usure. Afin de conserver un aspect propre et soign\u00e9, ils sont <\/span> <span style=\"color: #7a7a7a;\">il est recommand\u00e9 d&rsquo;\u00e9liminer p\u00e9riodiquement la salet\u00e9, l&rsquo;huile solaire et tout produit solide ayant adh\u00e9r\u00e9 au tissu. Tenez compte des facteurs suivants :<\/span><\/li>\n<li><span style=\"color: #7a7a7a;\">Un nettoyage r\u00e9gulier doit \u00eatre effectu\u00e9 \u00e0 l&rsquo;aide d&rsquo;un syst\u00e8me d&rsquo;eau sous pression.<\/span><\/li>\n<li><span style=\"color: #7a7a7a;\">En cas de pr\u00e9sence de salet\u00e9, il convient de la nettoyer d\u00e8s que possible avec une brosse douce, en pulv\u00e9risant une solution compos\u00e9e de d\u00e9tergent doux dissous dans de l&rsquo;eau sur le tissu. Rincez abondamment apr\u00e8s le nettoyage.<\/span><br \/>\n<span style=\"color: #7a7a7a;\">N&rsquo;utilisez pas d&rsquo;eau de Javel ni aucun type de solvant.<\/span><\/li>\n<\/ul>\n","protected":false},"excerpt":{"rendered":"<p><strong><span style=\"color: #006eb7;\">Prix sans TVA inclus<\/span><\/strong><\/p>\n","protected":false},"featured_media":8490,"template":"","meta":{"_acf_changed":false},"product_brand":[],"product_cat":[830,3564],"product_tag":[],"class_list":{"0":"post-73059","1":"product","2":"type-product","3":"status-publish","4":"has-post-thumbnail","6":"product_cat-des-pieces-de-rechange","7":"product_cat-tissus-de-rechange-pour-canape","9":"first","10":"instock","11":"taxable","12":"shipping-taxable","13":"purchasable","14":"product-type-variable"},"bundled_by":[],"bundle_stock_status":"instock","bundle_stock_quantity":null,"bundle_virtual":false,"bundle_layout":"","bundle_add_to_cart_form_location":"","bundle_editable_in_cart":false,"bundle_sold_individually_context":"","bundle_item_grouping":"","bundle_min_size":"","bundle_max_size":"","bundle_price":[],"bundled_items":[],"bundle_sell_ids":[],"acf":[],"_links":{"self":[{"href":"https:\/\/www.balliuexport.com\/fr\/wp-json\/wp\/v2\/product\/73059","targetHints":{"allow":["GET"]}}],"collection":[{"href":"https:\/\/www.balliuexport.com\/fr\/wp-json\/wp\/v2\/product"}],"about":[{"href":"https:\/\/www.balliuexport.com\/fr\/wp-json\/wp\/v2\/types\/product"}],"wp:featuredmedia":[{"embeddable":true,"href":"https:\/\/www.balliuexport.com\/fr\/wp-json\/wp\/v2\/media\/8490"}],"wp:attachment":[{"href":"https:\/\/www.balliuexport.com\/fr\/wp-json\/wp\/v2\/media?parent=73059"}],"wp:term":[{"taxonomy":"product_brand","embeddable":true,"href":"https:\/\/www.balliuexport.com\/fr\/wp-json\/wp\/v2\/product_brand?post=73059"},{"taxonomy":"product_cat","embeddable":true,"href":"https:\/\/www.balliuexport.com\/fr\/wp-json\/wp\/v2\/product_cat?post=73059"},{"taxonomy":"product_tag","embeddable":true,"href":"https:\/\/www.balliuexport.com\/fr\/wp-json\/wp\/v2\/product_tag?post=73059"}],"curies":[{"name":"wp","href":"https:\/\/api.w.org\/{rel}","templated":true}]}}