{"id":7312,"date":"2020-02-03T16:07:37","date_gmt":"2020-02-03T15:07:37","guid":{"rendered":"https:\/\/balliuexport.com\/producto\/bruna-2\/"},"modified":"2026-01-26T10:17:10","modified_gmt":"2026-01-26T09:17:10","slug":"chaise-en-resine-bruna","status":"publish","type":"product","link":"https:\/\/www.balliuexport.com\/fr\/produit\/chaise-en-resine-bruna\/","title":{"rendered":"Chaise Bruna"},"content":{"rendered":"<p><iframe style=\"width: 1000px; height: 440px; overflow: hidden; border-radius: 8px;\" src=\"https:\/\/viewer.ienhance.co\/v\/app\/c9ce9209-1f55-46fe-93c7-575c145e7a3d\" frameborder=\"0\" allowfullscreen=\"allowfullscreen\"><span data-mce-type=\"bookmark\" style=\"display: inline-block; width: 0px; overflow: hidden; line-height: 0;\" class=\"mce_SELRES_start\"><\/span> <\/iframe><\/p>\n<h2 data-start=\"293\" data-end=\"341\"><span style=\"color: #006eb7;\"><strong data-start=\"293\" data-end=\"341\">Bruna : une g\u00e9om\u00e9trie lumineuse avec sa propre pr\u00e9sence<\/strong><\/span><\/h2>\n<p class=\"\" data-start=\"343\" data-end=\"632\"><span style=\"color: #7a7a7a;\">Avec sa structure \u00e9pur\u00e9e et son cadre triangulaire, la chaise Bruna ajoute du caract\u00e8re sans surcharger l&rsquo;espace. Fabriqu\u00e9 en r\u00e9sine de polypropyl\u00e8ne renforc\u00e9e de fibre de verre, il allie r\u00e9sistance, l\u00e9g\u00e8ret\u00e9 et facilit\u00e9 d&rsquo;entretien, m\u00eame dans les environnements \u00e0 fort trafic. L&rsquo;assise et le dossier fusionnent en une seule forme enveloppante, cr\u00e9ant une silhouette continue aussi confortable qu&rsquo;harmonieuse visuellement. Son effet grille apporte ventilation et fra\u00eecheur, id\u00e9al pour les ext\u00e9rieurs ensoleill\u00e9s ou les int\u00e9rieurs bien con\u00e7us. Empilable et facile \u00e0 manipuler, Bruna r\u00e9pond avec style aux besoins des espaces dynamiques qui n\u00e9cessitent des solutions polyvalentes avec de la personnalit\u00e9. <\/span><\/p>\n","protected":false},"excerpt":{"rendered":"<p>Chaise empilable en r\u00e9sine.<\/p>\n<p><strong><span style=\"color: #006eb7;\">Prix sans TVA inclus<\/span><\/strong><\/p>\n<p>&nbsp;<\/p>\n","protected":false},"featured_media":57694,"template":"","meta":{"_acf_changed":false},"product_brand":[],"product_cat":[777,2226,2824,2272,2711],"product_tag":[],"class_list":{"0":"post-7312","1":"product","2":"type-product","3":"status-publish","4":"has-post-thumbnail","6":"product_cat-chaises","7":"product_cat-chaises-dexterieur-pour-restaurants","8":"product_cat-chaises-en-resine","9":"product_cat-meubles-exterieur-hotels","10":"product_cat-mobilier-pour-parcs-aquatiques","12":"first","13":"instock","14":"taxable","15":"shipping-taxable","16":"purchasable","17":"product-type-variable"},"bundled_by":["41482"],"bundle_stock_status":"instock","bundle_stock_quantity":null,"bundle_virtual":false,"bundle_layout":"","bundle_add_to_cart_form_location":"","bundle_editable_in_cart":false,"bundle_sold_individually_context":"","bundle_item_grouping":"","bundle_min_size":"","bundle_max_size":"","bundle_price":[],"bundled_items":[],"bundle_sell_ids":[],"acf":[],"_links":{"self":[{"href":"https:\/\/www.balliuexport.com\/fr\/wp-json\/wp\/v2\/product\/7312","targetHints":{"allow":["GET"]}}],"collection":[{"href":"https:\/\/www.balliuexport.com\/fr\/wp-json\/wp\/v2\/product"}],"about":[{"href":"https:\/\/www.balliuexport.com\/fr\/wp-json\/wp\/v2\/types\/product"}],"wp:featuredmedia":[{"embeddable":true,"href":"https:\/\/www.balliuexport.com\/fr\/wp-json\/wp\/v2\/media\/57694"}],"wp:attachment":[{"href":"https:\/\/www.balliuexport.com\/fr\/wp-json\/wp\/v2\/media?parent=7312"}],"wp:term":[{"taxonomy":"product_brand","embeddable":true,"href":"https:\/\/www.balliuexport.com\/fr\/wp-json\/wp\/v2\/product_brand?post=7312"},{"taxonomy":"product_cat","embeddable":true,"href":"https:\/\/www.balliuexport.com\/fr\/wp-json\/wp\/v2\/product_cat?post=7312"},{"taxonomy":"product_tag","embeddable":true,"href":"https:\/\/www.balliuexport.com\/fr\/wp-json\/wp\/v2\/product_tag?post=7312"}],"curies":[{"name":"wp","href":"https:\/\/api.w.org\/{rel}","templated":true}]}}