{"id":73213,"date":"2026-04-27T15:32:13","date_gmt":"2026-04-27T13:32:13","guid":{"rendered":"https:\/\/www.balliuexport.com\/producto\/tissu-de-rechange-pour-chaise-etna\/"},"modified":"2026-04-27T15:39:47","modified_gmt":"2026-04-27T13:39:47","slug":"tissu-de-rechange-pour-chaise-etna","status":"publish","type":"product","link":"https:\/\/www.balliuexport.com\/fr\/produit\/tissu-de-rechange-pour-chaise-etna\/","title":{"rendered":"Tissu de rechange pour la chaise Etna"},"content":{"rendered":"<p><span style=\"color: #7a7a7a;\">La chaise Etna est une r\u00e9f\u00e9rence du mobilier d&rsquo;ext\u00e9rieur de Balliu. Son design classique, intemporel et extraordinairement polyvalent en fait une pi\u00e8ce essentielle pour tout environnement. Ses lignes douces et l\u00e9g\u00e8rement incurv\u00e9es ne mettent pas seulement en valeur son <strong>esth\u00e9tique \u00e9l\u00e9gante<\/strong>, mais offrent \u00e9galement un confort sup\u00e9rieur \u00e0 chaque utilisation. Son <strong>tissu rempla\u00e7able<\/strong> est con\u00e7u pour faciliter l&rsquo;entretien sans compromettre le design. Le remplacement n&rsquo;inclut que le tissu.    <\/span><\/p>\n","protected":false},"excerpt":{"rendered":"<p>La chaise Etna est une r\u00e9f\u00e9rence du mobilier d&rsquo;ext\u00e9rieur de Balliu. Son design classique, intemporel et extraordinairement polyvalent en fait une pi\u00e8ce essentielle pour tout environnement. Ses lignes douces et l\u00e9g\u00e8rement incurv\u00e9es ne mettent pas seulement en valeur son esth\u00e9tique \u00e9l\u00e9gante, mais offrent \u00e9galement un confort sup\u00e9rieur \u00e0 chaque utilisation. Son tissu rempla\u00e7able est con\u00e7u pour faciliter l&rsquo;entretien sans compromettre\u2026<\/p>\n","protected":false},"featured_media":70829,"template":"","meta":{"_acf_changed":false},"product_brand":[],"product_cat":[830,3649],"product_tag":[],"class_list":{"0":"post-73213","1":"product","2":"type-product","3":"status-publish","4":"has-post-thumbnail","6":"product_cat-des-pieces-de-rechange","7":"product_cat-tissu-de-rechange-pour-chaise","9":"first","10":"instock","11":"taxable","12":"shipping-taxable","13":"purchasable","14":"product-type-variable"},"bundled_by":[],"bundle_stock_status":"instock","bundle_stock_quantity":null,"bundle_virtual":false,"bundle_layout":"","bundle_add_to_cart_form_location":"","bundle_editable_in_cart":false,"bundle_sold_individually_context":"","bundle_item_grouping":"","bundle_min_size":"","bundle_max_size":"","bundle_price":[],"bundled_items":[],"bundle_sell_ids":[],"acf":[],"_links":{"self":[{"href":"https:\/\/www.balliuexport.com\/fr\/wp-json\/wp\/v2\/product\/73213","targetHints":{"allow":["GET"]}}],"collection":[{"href":"https:\/\/www.balliuexport.com\/fr\/wp-json\/wp\/v2\/product"}],"about":[{"href":"https:\/\/www.balliuexport.com\/fr\/wp-json\/wp\/v2\/types\/product"}],"wp:featuredmedia":[{"embeddable":true,"href":"https:\/\/www.balliuexport.com\/fr\/wp-json\/wp\/v2\/media\/70829"}],"wp:attachment":[{"href":"https:\/\/www.balliuexport.com\/fr\/wp-json\/wp\/v2\/media?parent=73213"}],"wp:term":[{"taxonomy":"product_brand","embeddable":true,"href":"https:\/\/www.balliuexport.com\/fr\/wp-json\/wp\/v2\/product_brand?post=73213"},{"taxonomy":"product_cat","embeddable":true,"href":"https:\/\/www.balliuexport.com\/fr\/wp-json\/wp\/v2\/product_cat?post=73213"},{"taxonomy":"product_tag","embeddable":true,"href":"https:\/\/www.balliuexport.com\/fr\/wp-json\/wp\/v2\/product_tag?post=73213"}],"curies":[{"name":"wp","href":"https:\/\/api.w.org\/{rel}","templated":true}]}}