{"id":7332,"date":"2020-01-31T11:00:23","date_gmt":"2020-01-31T10:00:23","guid":{"rendered":"https:\/\/balliuexport.com\/producto\/etna-6\/"},"modified":"2026-03-05T10:25:00","modified_gmt":"2026-03-05T09:25:00","slug":"chaise-en-aluminium-modele-etna","status":"publish","type":"product","link":"https:\/\/www.balliuexport.com\/fr\/produit\/chaise-en-aluminium-modele-etna\/","title":{"rendered":"Chaise Etna"},"content":{"rendered":"<p><iframe style=\"width: 1000px; height: 440px; overflow: hidden; border-radius: 8px;\" src=\"https:\/\/viewer.ienhance.co\/v\/app\/53526735-f623-49a1-9a33-15871d90c72b\" frameborder=\"0\" allowfullscreen=\"allowfullscreen\"><span data-mce-type=\"bookmark\" style=\"display: inline-block; width: 0px; overflow: hidden; line-height: 0;\" class=\"mce_SELRES_start\"><\/span> <\/iframe><\/p>\n<h2 data-start=\"191\" data-end=\"239\"><span style=\"color: #006eb7;\"><strong data-start=\"191\" data-end=\"239\">Etna : un design iconique avec un confort intelligent<\/strong><\/span><\/h2>\n<p class=\"\" data-start=\"241\" data-end=\"498\"><span style=\"color: #7a7a7a;\">La chaise Etna est une r\u00e9f\u00e9rence dans le mobilier d&rsquo;ext\u00e9rieur de Balliu. Son design classique, intemporel et extraordinairement polyvalent en fait une pi\u00e8ce incontournable pour tout environnement : des terrasses priv\u00e9es aux espaces contractuels haut de gamme. Fabriqu\u00e9 avec un cadre en aluminium tremp\u00e9 et du mat\u00e9riel en acier inoxydable, Etna offre une combinaison parfaite de l\u00e9g\u00e8ret\u00e9, de r\u00e9sistance et de durabilit\u00e9. Ses lignes douces et l\u00e9g\u00e8rement courb\u00e9es rehaussent non seulement son <span style=\"color: #006eb7;\"><strong>esth\u00e9tique \u00e9l\u00e9gante<\/strong><\/span>, mais offrent \u00e9galement un confort sup\u00e9rieur \u00e0 chaque utilisation. Dot\u00e9 d&rsquo;accoudoirs int\u00e9gr\u00e9s et d&rsquo;un syst\u00e8me de <span style=\"color: #006eb7;\"><strong>tissu rempla\u00e7able<\/strong><\/span>, il est con\u00e7u pour faciliter l&rsquo;entretien sans compromettre le design. <\/span><\/p>\n<p class=\"\" data-start=\"951\" data-end=\"1084\"><span style=\"color: #006eb7;\"><strong data-start=\"951\" data-end=\"1084\">Etna est plus qu\u2019une chaise : c\u2019est une expression de style fonctionnel qui s\u2019adapte naturellement \u00e0 tous les types d\u2019espaces ext\u00e9rieurs.<\/strong><\/span><\/p>\n","protected":false},"excerpt":{"rendered":"<p>Chaise empilable r\u00e9alis\u00e9e avec un profil\u00e9 en aluminium tremp\u00e9.<\/p>\n<p>&nbsp;<\/p>\n","protected":false},"featured_media":70829,"template":"","meta":{"_acf_changed":false},"product_brand":[],"product_cat":[777,2226,2262],"product_tag":[],"class_list":{"0":"post-7332","1":"product","2":"type-product","3":"status-publish","4":"has-post-thumbnail","6":"product_cat-chaises","7":"product_cat-chaises-dexterieur-pour-restaurants","8":"product_cat-mobilier-de-patio-moderne","10":"first","11":"instock","12":"taxable","13":"shipping-taxable","14":"purchasable","15":"product-type-variable"},"bundled_by":["6560","70144","70156"],"bundle_stock_status":"instock","bundle_stock_quantity":null,"bundle_virtual":false,"bundle_layout":"","bundle_add_to_cart_form_location":"","bundle_editable_in_cart":false,"bundle_sold_individually_context":"","bundle_item_grouping":"","bundle_min_size":"","bundle_max_size":"","bundle_price":[],"bundled_items":[],"bundle_sell_ids":[],"acf":[],"_links":{"self":[{"href":"https:\/\/www.balliuexport.com\/fr\/wp-json\/wp\/v2\/product\/7332","targetHints":{"allow":["GET"]}}],"collection":[{"href":"https:\/\/www.balliuexport.com\/fr\/wp-json\/wp\/v2\/product"}],"about":[{"href":"https:\/\/www.balliuexport.com\/fr\/wp-json\/wp\/v2\/types\/product"}],"wp:featuredmedia":[{"embeddable":true,"href":"https:\/\/www.balliuexport.com\/fr\/wp-json\/wp\/v2\/media\/70829"}],"wp:attachment":[{"href":"https:\/\/www.balliuexport.com\/fr\/wp-json\/wp\/v2\/media?parent=7332"}],"wp:term":[{"taxonomy":"product_brand","embeddable":true,"href":"https:\/\/www.balliuexport.com\/fr\/wp-json\/wp\/v2\/product_brand?post=7332"},{"taxonomy":"product_cat","embeddable":true,"href":"https:\/\/www.balliuexport.com\/fr\/wp-json\/wp\/v2\/product_cat?post=7332"},{"taxonomy":"product_tag","embeddable":true,"href":"https:\/\/www.balliuexport.com\/fr\/wp-json\/wp\/v2\/product_tag?post=7332"}],"curies":[{"name":"wp","href":"https:\/\/api.w.org\/{rel}","templated":true}]}}